{"id":10042,"date":"2023-10-23T14:02:57","date_gmt":"2023-10-23T12:02:57","guid":{"rendered":"https:\/\/lfp.cuni.cz\/?page_id=10042"},"modified":"2024-04-12T12:13:23","modified_gmt":"2024-04-12T10:13:23","slug":"news","status":"publish","type":"page","link":"https:\/\/lfp.cuni.cz\/en\/about-faculty\/news\/","title":{"rendered":"News"},"content":{"rendered":"\n\n\n<div class=\"wp-block-group margin-top-40 margin-bottom-40\"><div class=\"wp-block-group__inner-container is-layout-constrained wp-block-group-is-layout-constrained\">    <section class=\"block block-post-listing-dynamic\" >\n                <div id=\"ajax-load-more\" class=\"ajax-load-more-wrap default\" data-id=\"posts\" data-alm-id=\"\" data-canonical-url=\"https:\/\/lfp.cuni.cz\/en\/about-faculty\/news\/\" data-slug=\"news\" data-post-id=\"10042\"  data-localized=\"ajax_load_more_posts_vars\" data-alm-object=\"ajax_load_more_posts\"><div aria-live=\"polite\" aria-atomic=\"true\" class=\"alm-listing alm-ajax\" data-cache=\"true\" data-preloaded=\"true\" data-preloaded-amount=\"10\" data-container-type=\"div\" data-loading-style=\"default\" data-theme-repeater=\"post.php\" data-post-type=\"post\" data-taxonomy=\"category\" data-taxonomy-terms=\"aktuality,studenti\" data-taxonomy-relation=\"OR\" data-order=\"DESC\" data-orderby=\"date\" data-offset=\"0\" data-posts-per-page=\"10\" data-lang=\"en\" data-scroll=\"false\" data-pause=\"true\" data-button-label=\"Show more\" data-button-done-label=\"All posts loaded\" data-prev-button-label=\"Load Previous\">\t\t<article class=\"post\">\n            <div class=\"picture\">\n            <a href=\"https:\/\/lfp.cuni.cz\/en\/news\/pilsen-summer-school-of-single-cell\/\">\n                                <img decoding=\"async\" width=\"328\" height=\"216\" src=\"https:\/\/lfp.cuni.cz\/wp-content\/uploads\/2026\/03\/web-kalendar_optimized-328x216.png\" class=\"thumbnail wp-post-image\" alt=\"Pilsen Summer School of Single Cell\" srcset=\"https:\/\/lfp.cuni.cz\/wp-content\/uploads\/2026\/03\/web-kalendar_optimized-328x216.png 328w, https:\/\/lfp.cuni.cz\/wp-content\/uploads\/2026\/03\/web-kalendar_optimized-1216x806.png 1216w, https:\/\/lfp.cuni.cz\/wp-content\/uploads\/2026\/03\/web-kalendar_optimized-656x432.png 656w\" sizes=\"(max-width: 328px) 100vw, 328px\" \/>            <\/a>\n        <\/div>\n        <div class=\"content\">\n        <h3><a href=\"https:\/\/lfp.cuni.cz\/en\/news\/pilsen-summer-school-of-single-cell\/\">Pilsen Summer School of Single Cell<\/a><\/h3>\n                    <div class=\"excerpt auto\">\n                            <\/div>\n                <a class=\"icon arrow-right\" href=\"https:\/\/lfp.cuni.cz\/en\/news\/pilsen-summer-school-of-single-cell\/\">More<\/a>\n    <\/div>\n<\/article>\t\t\t<article class=\"post\">\n            <div class=\"picture\">\n            <a href=\"https:\/\/lfp.cuni.cz\/en\/news\/faculty-swap-of-clothing-and-accessories\/\">\n                                <img decoding=\"async\" width=\"328\" height=\"216\" src=\"https:\/\/lfp.cuni.cz\/wp-content\/uploads\/2026\/03\/prednaska-Markus-Hartl-1-328x216.png\" class=\"thumbnail wp-post-image\" alt=\"Faculty swap of clothing and accessories\" srcset=\"https:\/\/lfp.cuni.cz\/wp-content\/uploads\/2026\/03\/prednaska-Markus-Hartl-1-328x216.png 328w, https:\/\/lfp.cuni.cz\/wp-content\/uploads\/2026\/03\/prednaska-Markus-Hartl-1-1216x806.png 1216w, https:\/\/lfp.cuni.cz\/wp-content\/uploads\/2026\/03\/prednaska-Markus-Hartl-1-656x432.png 656w\" sizes=\"(max-width: 328px) 100vw, 328px\" \/>            <\/a>\n        <\/div>\n        <div class=\"content\">\n        <h3><a href=\"https:\/\/lfp.cuni.cz\/en\/news\/faculty-swap-of-clothing-and-accessories\/\">Faculty swap of clothing and accessories<\/a><\/h3>\n                    <div class=\"excerpt auto\">\n                            <\/div>\n                <a class=\"icon arrow-right\" href=\"https:\/\/lfp.cuni.cz\/en\/news\/faculty-swap-of-clothing-and-accessories\/\">More<\/a>\n    <\/div>\n<\/article>\t\t\t<article class=\"post\">\n            <div class=\"picture\">\n            <a href=\"https:\/\/lfp.cuni.cz\/en\/news\/elections-to-academic-senate-of-the-lfp-cu-for-terms-1-1-2026-31-12-2028-results\/\">\n                                <img decoding=\"async\" width=\"328\" height=\"216\" src=\"https:\/\/lfp.cuni.cz\/wp-content\/uploads\/2025\/11\/Tyden-mozku-3-328x216.jpg\" class=\"thumbnail wp-post-image\" alt=\"Elections to Academic Senate of the LFP CU for terms 1.1. 2026 \u2013 31.12.2028 | Results\" srcset=\"https:\/\/lfp.cuni.cz\/wp-content\/uploads\/2025\/11\/Tyden-mozku-3-328x216.jpg 328w, https:\/\/lfp.cuni.cz\/wp-content\/uploads\/2025\/11\/Tyden-mozku-3-1216x806.jpg 1216w, https:\/\/lfp.cuni.cz\/wp-content\/uploads\/2025\/11\/Tyden-mozku-3-656x432.jpg 656w\" sizes=\"(max-width: 328px) 100vw, 328px\" \/>            <\/a>\n        <\/div>\n        <div class=\"content\">\n        <h3><a href=\"https:\/\/lfp.cuni.cz\/en\/news\/elections-to-academic-senate-of-the-lfp-cu-for-terms-1-1-2026-31-12-2028-results\/\">Elections to Academic Senate of the LFP CU for terms 1.1. 2026 \u2013 31.12.2028 | Results<\/a><\/h3>\n                    <div class=\"excerpt auto\">\n                            <\/div>\n                <a class=\"icon arrow-right\" href=\"https:\/\/lfp.cuni.cz\/en\/news\/elections-to-academic-senate-of-the-lfp-cu-for-terms-1-1-2026-31-12-2028-results\/\">More<\/a>\n    <\/div>\n<\/article>\t\t\t<article class=\"post\">\n            <div class=\"picture\">\n            <a href=\"https:\/\/lfp.cuni.cz\/en\/news\/2-12-you-can-support-a-good-cause\/\">\n                                <img decoding=\"async\" width=\"328\" height=\"216\" src=\"https:\/\/lfp.cuni.cz\/wp-content\/uploads\/2025\/11\/Tyden-mozku-2-328x216.jpg\" class=\"thumbnail wp-post-image\" alt=\"2.12. You can support a good cause\" srcset=\"https:\/\/lfp.cuni.cz\/wp-content\/uploads\/2025\/11\/Tyden-mozku-2-328x216.jpg 328w, https:\/\/lfp.cuni.cz\/wp-content\/uploads\/2025\/11\/Tyden-mozku-2-1216x806.jpg 1216w, https:\/\/lfp.cuni.cz\/wp-content\/uploads\/2025\/11\/Tyden-mozku-2-656x432.jpg 656w\" sizes=\"(max-width: 328px) 100vw, 328px\" \/>            <\/a>\n        <\/div>\n        <div class=\"content\">\n        <h3><a href=\"https:\/\/lfp.cuni.cz\/en\/news\/2-12-you-can-support-a-good-cause\/\">2.12. You can support a good cause<\/a><\/h3>\n                    <div class=\"excerpt auto\">\n                            <\/div>\n                <a class=\"icon arrow-right\" href=\"https:\/\/lfp.cuni.cz\/en\/news\/2-12-you-can-support-a-good-cause\/\">More<\/a>\n    <\/div>\n<\/article>\t\t\t<article class=\"post\">\n            <div class=\"picture\">\n            <a href=\"https:\/\/lfp.cuni.cz\/en\/news\/czech-students-dominate-traditional-soccer-derby\/\">\n                                <img decoding=\"async\" width=\"328\" height=\"216\" src=\"https:\/\/lfp.cuni.cz\/wp-content\/uploads\/2025\/11\/Tyden-mozku-4-328x216.png\" class=\"thumbnail wp-post-image\" alt=\"Czech students dominate traditional soccer derby\" srcset=\"https:\/\/lfp.cuni.cz\/wp-content\/uploads\/2025\/11\/Tyden-mozku-4-328x216.png 328w, https:\/\/lfp.cuni.cz\/wp-content\/uploads\/2025\/11\/Tyden-mozku-4-1216x806.png 1216w, https:\/\/lfp.cuni.cz\/wp-content\/uploads\/2025\/11\/Tyden-mozku-4-656x432.png 656w\" sizes=\"(max-width: 328px) 100vw, 328px\" \/>            <\/a>\n        <\/div>\n        <div class=\"content\">\n        <h3><a href=\"https:\/\/lfp.cuni.cz\/en\/news\/czech-students-dominate-traditional-soccer-derby\/\">Czech students dominate traditional soccer derby<\/a><\/h3>\n                    <div class=\"excerpt auto\">\n                            <\/div>\n                <a class=\"icon arrow-right\" href=\"https:\/\/lfp.cuni.cz\/en\/news\/czech-students-dominate-traditional-soccer-derby\/\">More<\/a>\n    <\/div>\n<\/article>\t\t\t<article class=\"post\">\n            <div class=\"picture\">\n            <a href=\"https:\/\/lfp.cuni.cz\/en\/news\/looking-back-at-the-autumn-celebrations-of-80-years-of-lfp\/\">\n                                <img decoding=\"async\" width=\"328\" height=\"216\" src=\"https:\/\/lfp.cuni.cz\/wp-content\/uploads\/2025\/11\/Tyden-mozku-3-328x216.png\" class=\"thumbnail wp-post-image\" alt=\"Looking back at the autumn celebrations of 80 years of LFP\" srcset=\"https:\/\/lfp.cuni.cz\/wp-content\/uploads\/2025\/11\/Tyden-mozku-3-328x216.png 328w, https:\/\/lfp.cuni.cz\/wp-content\/uploads\/2025\/11\/Tyden-mozku-3-1216x806.png 1216w, https:\/\/lfp.cuni.cz\/wp-content\/uploads\/2025\/11\/Tyden-mozku-3-656x432.png 656w\" sizes=\"(max-width: 328px) 100vw, 328px\" \/>            <\/a>\n        <\/div>\n        <div class=\"content\">\n        <h3><a href=\"https:\/\/lfp.cuni.cz\/en\/news\/looking-back-at-the-autumn-celebrations-of-80-years-of-lfp\/\">Looking back at the autumn celebrations of 80 years of LFP<\/a><\/h3>\n                    <div class=\"excerpt auto\">\n                            <\/div>\n                <a class=\"icon arrow-right\" href=\"https:\/\/lfp.cuni.cz\/en\/news\/looking-back-at-the-autumn-celebrations-of-80-years-of-lfp\/\">More<\/a>\n    <\/div>\n<\/article>\t\t\t<article class=\"post\">\n            <div class=\"picture\">\n            <a href=\"https:\/\/lfp.cuni.cz\/en\/news\/sustainably-to-the-faculty\/\">\n                                <img decoding=\"async\" width=\"328\" height=\"216\" src=\"https:\/\/lfp.cuni.cz\/wp-content\/uploads\/2025\/11\/WEB-prispevek-1-328x216.png\" class=\"thumbnail wp-post-image\" alt=\"Sustainably to the faculty\" srcset=\"https:\/\/lfp.cuni.cz\/wp-content\/uploads\/2025\/11\/WEB-prispevek-1-328x216.png 328w, https:\/\/lfp.cuni.cz\/wp-content\/uploads\/2025\/11\/WEB-prispevek-1-1216x806.png 1216w, https:\/\/lfp.cuni.cz\/wp-content\/uploads\/2025\/11\/WEB-prispevek-1-656x432.png 656w\" sizes=\"(max-width: 328px) 100vw, 328px\" \/>            <\/a>\n        <\/div>\n        <div class=\"content\">\n        <h3><a href=\"https:\/\/lfp.cuni.cz\/en\/news\/sustainably-to-the-faculty\/\">Sustainably to the faculty<\/a><\/h3>\n                    <div class=\"excerpt auto\">\n                            <\/div>\n                <a class=\"icon arrow-right\" href=\"https:\/\/lfp.cuni.cz\/en\/news\/sustainably-to-the-faculty\/\">More<\/a>\n    <\/div>\n<\/article>\t\t\t<article class=\"post\">\n            <div class=\"picture\">\n            <a href=\"https:\/\/lfp.cuni.cz\/en\/news\/parking-lot-closed-october-26-27\/\">\n                                <img decoding=\"async\" width=\"328\" height=\"216\" src=\"https:\/\/lfp.cuni.cz\/wp-content\/uploads\/2025\/10\/WEB-prispevek-3-328x216.png\" class=\"thumbnail wp-post-image\" alt=\"Parking lot closed October 26\u201327\" srcset=\"https:\/\/lfp.cuni.cz\/wp-content\/uploads\/2025\/10\/WEB-prispevek-3-328x216.png 328w, https:\/\/lfp.cuni.cz\/wp-content\/uploads\/2025\/10\/WEB-prispevek-3-1216x806.png 1216w, https:\/\/lfp.cuni.cz\/wp-content\/uploads\/2025\/10\/WEB-prispevek-3-656x432.png 656w\" sizes=\"(max-width: 328px) 100vw, 328px\" \/>            <\/a>\n        <\/div>\n        <div class=\"content\">\n        <h3><a href=\"https:\/\/lfp.cuni.cz\/en\/news\/parking-lot-closed-october-26-27\/\">Parking lot closed October 26\u201327<\/a><\/h3>\n                    <div class=\"excerpt auto\">\n                            <\/div>\n                <a class=\"icon arrow-right\" href=\"https:\/\/lfp.cuni.cz\/en\/news\/parking-lot-closed-october-26-27\/\">More<\/a>\n    <\/div>\n<\/article>\t\t\t<article class=\"post\">\n            <div class=\"picture\">\n            <a href=\"https:\/\/lfp.cuni.cz\/en\/news\/vegetarian-and-vegan-options-at-the-lfp-cafeteria\/\">\n                                <img decoding=\"async\" width=\"328\" height=\"216\" src=\"https:\/\/lfp.cuni.cz\/wp-content\/uploads\/2025\/09\/Tyden-mozku-328x216.png\" class=\"thumbnail wp-post-image\" alt=\"Vegetarian and vegan options at the LFP cafeteria\" srcset=\"https:\/\/lfp.cuni.cz\/wp-content\/uploads\/2025\/09\/Tyden-mozku-328x216.png 328w, https:\/\/lfp.cuni.cz\/wp-content\/uploads\/2025\/09\/Tyden-mozku-1216x806.png 1216w, https:\/\/lfp.cuni.cz\/wp-content\/uploads\/2025\/09\/Tyden-mozku-656x432.png 656w\" sizes=\"(max-width: 328px) 100vw, 328px\" \/>            <\/a>\n        <\/div>\n        <div class=\"content\">\n        <h3><a href=\"https:\/\/lfp.cuni.cz\/en\/news\/vegetarian-and-vegan-options-at-the-lfp-cafeteria\/\">Vegetarian and vegan options at the LFP cafeteria<\/a><\/h3>\n                    <div class=\"excerpt auto\">\n                            <\/div>\n                <a class=\"icon arrow-right\" href=\"https:\/\/lfp.cuni.cz\/en\/news\/vegetarian-and-vegan-options-at-the-lfp-cafeteria\/\">More<\/a>\n    <\/div>\n<\/article>\t\t\t<article class=\"post\">\n            <div class=\"picture\">\n            <a href=\"https:\/\/lfp.cuni.cz\/en\/featured\/success-of-our-phd-student-article-in-nature-reviews-urology\/\">\n                                <img decoding=\"async\" width=\"328\" height=\"216\" src=\"https:\/\/lfp.cuni.cz\/wp-content\/uploads\/2025\/07\/Tereze-Tesarova-Biomedic_foto-Hynek-Glos_HYN_8257-328x216.jpg\" class=\"thumbnail wp-post-image\" alt=\"Success of our PhD student: article in Nature Reviews Urology\" srcset=\"https:\/\/lfp.cuni.cz\/wp-content\/uploads\/2025\/07\/Tereze-Tesarova-Biomedic_foto-Hynek-Glos_HYN_8257-328x216.jpg 328w, https:\/\/lfp.cuni.cz\/wp-content\/uploads\/2025\/07\/Tereze-Tesarova-Biomedic_foto-Hynek-Glos_HYN_8257-656x432.jpg 656w\" sizes=\"(max-width: 328px) 100vw, 328px\" \/>            <\/a>\n        <\/div>\n        <div class=\"content\">\n        <h3><a href=\"https:\/\/lfp.cuni.cz\/en\/featured\/success-of-our-phd-student-article-in-nature-reviews-urology\/\">Success of our PhD student: article in Nature Reviews Urology<\/a><\/h3>\n                    <div class=\"excerpt auto\">\n                            <\/div>\n                <a class=\"icon arrow-right\" href=\"https:\/\/lfp.cuni.cz\/en\/featured\/success-of-our-phd-student-article-in-nature-reviews-urology\/\">More<\/a>\n    <\/div>\n<\/article>\t<\/div><div class=\"alm-btn-wrap\" data-rel=\"ajax-load-more\"><button class=\"alm-load-more-btn \" type=\"button\">Show more<\/button><\/div><div class=\"alm-no-results\" style=\"display: none;\"><p class='notice'>We are really sorry but there are no posts.<\/p><\/div><\/div>    <\/section>\n\n\n\n<div style=\"height:4rem\" aria-hidden=\"true\" class=\"wp-block-spacer\"><\/div>\n<\/div><\/div>\n\n\n\n<div class=\"wp-block-group info yellow margin-bottom-80\"><div class=\"wp-block-group__inner-container is-layout-constrained wp-block-group-is-layout-constrained\">\n<h3 class=\"wp-block-heading\">Keep up to date on what&#8217;s happening at the faculty<\/h3>\n\n\n\n<p>You can also follow faculty events and news on our social networks.<\/p>\n\n\n<nav class=\"items-justified-left social-media wp-block-navigation is-content-justification-left is-layout-flex wp-container-core-navigation-is-layout-fdcfc74e wp-block-navigation-is-layout-flex\" aria-label=\"navigace\"><ul class=\"wp-block-navigation__container items-justified-left social-media wp-block-navigation\"><li class=\" wp-block-navigation-item wp-block-navigation-link\"><a class=\"wp-block-navigation-item__content\"  href=\"https:\/\/www.facebook.com\/lfplzen\"><span class=\"wp-block-navigation-item__label\">Facebook<\/span><\/a><\/li><li class=\" wp-block-navigation-item wp-block-navigation-link\"><a class=\"wp-block-navigation-item__content\"  href=\"https:\/\/www.instagram.com\/lfp_unikarlova\/\"><span class=\"wp-block-navigation-item__label\">Instagram<\/span><\/a><\/li><\/ul><\/nav><\/div><\/div>\n\n\n\n<div style=\"height:34px\" aria-hidden=\"true\" class=\"wp-block-spacer\"><\/div>\n","protected":false},"excerpt":{"rendered":"<p>Informace k v\u00fduce naleznete v SIS v modulu P\u0159edm\u011bty, aktu\u00e1ln\u00ed zpr\u00e1vy v modulu N\u00e1st\u011bnka, kde si po p\u0159ihl\u00e1\u0161en\u00ed m\u016f\u017eete nastavit, ke kter\u00fdm p\u0159edm\u011bt\u016fm chcete informace sledovat. Keep up to date&#8230;<\/p>\n","protected":false},"author":1,"featured_media":0,"parent":5661,"menu_order":100,"comment_status":"closed","ping_status":"closed","template":"","meta":{"_acf_changed":false,"inline_featured_image":false,"footnotes":""},"coauthors":[96],"class_list":["post-10042","page","type-page","status-publish","hentry"],"acf":[],"_links":{"self":[{"href":"https:\/\/lfp.cuni.cz\/en\/wp-json\/wp\/v2\/pages\/10042","targetHints":{"allow":["GET"]}}],"collection":[{"href":"https:\/\/lfp.cuni.cz\/en\/wp-json\/wp\/v2\/pages"}],"about":[{"href":"https:\/\/lfp.cuni.cz\/en\/wp-json\/wp\/v2\/types\/page"}],"author":[{"embeddable":true,"href":"https:\/\/lfp.cuni.cz\/en\/wp-json\/wp\/v2\/users\/1"}],"replies":[{"embeddable":true,"href":"https:\/\/lfp.cuni.cz\/en\/wp-json\/wp\/v2\/comments?post=10042"}],"version-history":[{"count":1,"href":"https:\/\/lfp.cuni.cz\/en\/wp-json\/wp\/v2\/pages\/10042\/revisions"}],"predecessor-version":[{"id":10043,"href":"https:\/\/lfp.cuni.cz\/en\/wp-json\/wp\/v2\/pages\/10042\/revisions\/10043"}],"up":[{"embeddable":true,"href":"https:\/\/lfp.cuni.cz\/en\/wp-json\/wp\/v2\/pages\/5661"}],"wp:attachment":[{"href":"https:\/\/lfp.cuni.cz\/en\/wp-json\/wp\/v2\/media?parent=10042"}],"wp:term":[{"taxonomy":"author","embeddable":true,"href":"https:\/\/lfp.cuni.cz\/en\/wp-json\/wp\/v2\/coauthors?post=10042"}],"curies":[{"name":"wp","href":"https:\/\/api.w.org\/{rel}","templated":true}]}}