{"id":3696,"date":"2023-10-23T13:45:01","date_gmt":"2023-10-23T11:45:01","guid":{"rendered":"https:\/\/lfp.cuni.cz\/?page_id=3696"},"modified":"2026-03-05T09:03:36","modified_gmt":"2026-03-05T08:03:36","slug":"courses","status":"publish","type":"page","link":"https:\/\/lfp.cuni.cz\/en\/faculty-of-medicine-in-pilsen\/courses\/","title":{"rendered":"Courses"},"content":{"rendered":"\n<div class=\"wp-block-group intro sub video has-background\" style=\"background-color:#003657\"><div class=\"wp-block-group__inner-container is-layout-constrained wp-block-group-is-layout-constrained\">\n<div class=\"wp-block-columns is-layout-flex wp-container-core-columns-is-layout-9d6595d7 wp-block-columns-is-layout-flex\">\n<div class=\"wp-block-column is-layout-flow wp-block-column-is-layout-flow\">\n<p>Courses in English<\/p>\n\n\n\n<h1 class=\"wp-block-heading\">Choose the right course for you<\/h1>\n<\/div>\n\n\n\n<div class=\"wp-block-column is-layout-flow wp-block-column-is-layout-flow\">\n<figure class=\"wp-block-embed is-type-video is-provider-youtube wp-block-embed-youtube wp-embed-aspect-16-9 wp-has-aspect-ratio\"><div class=\"wp-block-embed__wrapper\">\n<iframe title=\"CHARLES UNIVERSITY: FACULTY OF MEDICINE IN PLZE\u0147\" width=\"500\" height=\"281\" src=\"https:\/\/www.youtube.com\/embed\/gDL8oxSyR_0?start=4&#038;feature=oembed\" frameborder=\"0\" allow=\"accelerometer; autoplay; clipboard-write; encrypted-media; gyroscope; picture-in-picture; web-share\" referrerpolicy=\"strict-origin-when-cross-origin\" allowfullscreen><\/iframe>\n<\/div><\/figure>\n<\/div>\n<\/div>\n<\/div><\/div>\n\n\n\n<div class=\"wp-block-group accordion condensed-more margin-top-80\"><div class=\"wp-block-group__inner-container is-layout-constrained wp-block-group-is-layout-constrained\">\n<h3 class=\"wp-block-heading\">MASTER&#8217;S STUDY PROGRAM&nbsp;&#8211; General Medicine<\/h3>\n\n\n\n<div class=\"wp-block-group\"><div class=\"wp-block-group__inner-container is-layout-constrained wp-block-group-is-layout-constrained\">\n<div class=\"wp-block-columns is-layout-flex wp-container-core-columns-is-layout-9d6595d7 wp-block-columns-is-layout-flex\">\n<div class=\"wp-block-column is-layout-flow wp-block-column-is-layout-flow\" style=\"flex-basis:50%\">\n<figure class=\"wp-block-image size-large\"><img decoding=\"async\" width=\"1400\" height=\"933\" src=\"https:\/\/lfp.cuni.cz\/wp-content\/uploads\/2024\/01\/IMG_0439-1400x933.jpg\" alt=\"\" class=\"wp-image-2492\" srcset=\"https:\/\/lfp.cuni.cz\/wp-content\/uploads\/2024\/01\/IMG_0439-1400x933.jpg 1400w, https:\/\/lfp.cuni.cz\/wp-content\/uploads\/2024\/01\/IMG_0439-900x600.jpg 900w, https:\/\/lfp.cuni.cz\/wp-content\/uploads\/2024\/01\/IMG_0439-1800x1200.jpg 1800w, https:\/\/lfp.cuni.cz\/wp-content\/uploads\/2024\/01\/IMG_0439.jpg 1920w\" sizes=\"(max-width: 1400px) 100vw, 1400px\" \/><\/figure>\n<\/div>\n\n\n\n<div class=\"wp-block-column is-layout-flow wp-block-column-is-layout-flow\" style=\"flex-basis:50%\">\n<p><strong>6 years of study | MUDr. degree<br>full-time study<\/strong><br><br>We will prepare you for the real work of a doctor. During your studies, you&#8217;ll not only gain strong theoretical knowledge, but you&#8217;ll learn a range of practical skills that you can apply in the real world.<br><br><a href=\"https:\/\/cunicz-my.sharepoint.com\/:x:\/g\/personal\/86253411_cuni_cz\/IQA9XYVFZ-mPRb-2pxUD0urCAUZEBDmeVxLyxKiAmGsx_40?e=VK0PYC\" target=\"_blank\" rel=\"noreferrer noopener\">Study plan\/Curriculum<\/a><\/p>\n\n\n\n<div class=\"wp-block-buttons is-layout-flex wp-block-buttons-is-layout-flex\">\n<div class=\"wp-block-button\"><a class=\"wp-block-button__link wp-element-button\" href=\"https:\/\/1url.cz\/fKPvS\">Application<\/a><\/div>\n<\/div>\n<\/div>\n<\/div>\n<\/div><\/div>\n\n\n\n<h3 class=\"wp-block-heading\">MASTER&#8217;S STUDY PROGRAM &#8211; Dentistry<\/h3>\n\n\n\n<div class=\"wp-block-group\"><div class=\"wp-block-group__inner-container is-layout-constrained wp-block-group-is-layout-constrained\">\n<div class=\"wp-block-columns is-layout-flex wp-container-core-columns-is-layout-9d6595d7 wp-block-columns-is-layout-flex\">\n<div class=\"wp-block-column is-layout-flow wp-block-column-is-layout-flow\" style=\"flex-basis:50%\">\n<figure class=\"wp-block-image size-medium\"><img decoding=\"async\" width=\"900\" height=\"600\" src=\"https:\/\/lfp.cuni.cz\/wp-content\/uploads\/2024\/01\/DSCF5341-900x600.jpg\" alt=\"\" class=\"wp-image-2393\" srcset=\"https:\/\/lfp.cuni.cz\/wp-content\/uploads\/2024\/01\/DSCF5341-900x600.jpg 900w, https:\/\/lfp.cuni.cz\/wp-content\/uploads\/2024\/01\/DSCF5341-1400x933.jpg 1400w, https:\/\/lfp.cuni.cz\/wp-content\/uploads\/2024\/01\/DSCF5341-1800x1200.jpg 1800w\" sizes=\"(max-width: 900px) 100vw, 900px\" \/><\/figure>\n<\/div>\n\n\n\n<div class=\"wp-block-column is-layout-flow wp-block-column-is-layout-flow\" style=\"flex-basis:70%\">\n<p><strong>5 years of study | MDDr. degree<br>full-time study<\/strong><br><br>The study programme of Dentistry is a five-year course that covers the entire field of dental medicine in the curriculum completely comparable with the current international standards. The graduates are fully qualified to perform all preventive, diagnostic and therapeutic procedures in general dentistry and they are prepared to further specialize in orthodontics and dentofacial orthopedics, oral and maxillofacial surgery. The degree MDDr. is recognized worldwide including EU, UK and the United States.<br><br><a href=\"https:\/\/cunicz-my.sharepoint.com\/:x:\/g\/personal\/86253411_cuni_cz\/IQBCBp13bbG_TqOx3ccAm0gGAdc7OUV8eP8Qowlkwz_OPL0?e=WwrYpv\" target=\"_blank\" rel=\"noreferrer noopener\">Study plan\/Curriculum<\/a><\/p>\n\n\n\n<div class=\"wp-block-buttons is-layout-flex wp-block-buttons-is-layout-flex\">\n<div class=\"wp-block-button\"><a class=\"wp-block-button__link wp-element-button\" href=\"https:\/\/1url.cz\/PKPv5\">Application<\/a><\/div>\n<\/div>\n<\/div>\n<\/div>\n<\/div><\/div>\n\n\n\n<h3 class=\"wp-block-heading\">DOCTORAL STUDY (Ph.D.)<\/h3>\n\n\n\n<div class=\"wp-block-group\"><div class=\"wp-block-group__inner-container is-layout-constrained wp-block-group-is-layout-constrained\">\n<p>The doctoral study focuses on scientific research and independent creative activities in the area of research and development. It provides the highest level of formal education that can be achieved in the Czech Republic.<br><br>The Faculty of Medicine in Pilsen offers doctoral study programmes in full-time and combined form, in Czech and English languages, to the graduates of Master\u2019s study in medicine as well as related fields, e.g. natural sciences.<br><br>The doctoral study is individual and based on intensive cooperation with a supervisor, eventually an advisor. It is completed by a state doctoral examination and a dissertation thesis defense.<\/p>\n\n\n\n<div class=\"wp-block-buttons is-layout-flex wp-block-buttons-is-layout-flex\">\n<div class=\"wp-block-button\"><a class=\"wp-block-button__link wp-element-button\" href=\"https:\/\/lfp.cuni.cz\/en\/students\/doctoral-study\/\">Doctoral study<\/a><\/div>\n<\/div>\n<\/div><\/div>\n<\/div><\/div>\n\n\n\n<div class=\"wp-block-group\"><div class=\"wp-block-group__inner-container is-layout-constrained wp-block-group-is-layout-constrained\">\n<p>The curriculum of English-taught courses is fully comparable with the current international standards and is accredited by the EU.<br><br>The academic years for theoretical disciplines and pre-clinical subjects are organized into winter and summer semesters. Each semester consists of a teaching period followed by an examination period. The clinical courses are organized in a block system.<\/p>\n<\/div><\/div>\n\n\n\n<div class=\"wp-block-group condensed\"><div class=\"wp-block-group__inner-container is-layout-constrained wp-block-group-is-layout-constrained\">\n<div class=\"wp-block-columns is-layout-flex wp-container-core-columns-is-layout-9d6595d7 wp-block-columns-is-layout-flex\">\n<div class=\"wp-block-column is-layout-flow wp-block-column-is-layout-flow\" style=\"flex-basis:50%\">\n<figure class=\"wp-block-image size-medium-fixed element\"><img decoding=\"async\" width=\"555\" height=\"352\" src=\"https:\/\/lfp.cuni.cz\/wp-content\/uploads\/2023\/10\/lfp-uk-studenti-06-555x352.jpg\" alt=\"L\u00e9ka\u0159sk\u00e1 fakulta Plze\u0148 \u2013 studenti\" class=\"wp-image-242\"\/><\/figure>\n\n\n\n<h3 class=\"wp-block-heading\">Concept of study<\/h3>\n\n\n\n<p>For medical students, the first two years of study are devoted to theoretical disciplines, such as Anatomy, Histology, Embryology, Biophysics, Biochemistry and Physiology. During the third and fourth years, pre-clinical subjects, such as Pathological Anatomy, Pathological Physiology, Microbiology, Immunology and Pharmacology are studied. Bed-side teaching is also introduced in the third year. The last two years of study are fully devoted to clinical subjects. For students of Dentistry the third, fourth and fifth years are devoted to clinical stomatology.<\/p>\n<\/div>\n\n\n\n<div class=\"wp-block-column is-layout-flow wp-block-column-is-layout-flow\" style=\"flex-basis:50%\">\n<figure class=\"wp-block-image size-medium-fixed element\"><img decoding=\"async\" width=\"555\" height=\"352\" src=\"https:\/\/lfp.cuni.cz\/wp-content\/uploads\/2024\/02\/lf-07-555x352.jpg\" alt=\"\" class=\"wp-image-3698\"\/><\/figure>\n\n\n\n<h3 class=\"wp-block-heading\">Research<\/h3>\n\n\n\n<p>Not only are students educated for medical practice; they are also introduced to the basics of research and are led to their independent research work. In the course of their studies, particularly during the summer holidays, students have a number of opportunities to study and gain experience abroad. Not only for these reasons, but particularly because students are required to study foreign resources, emphasis is placed on language teaching. Thus, besides Latin, each student must pass an examination in English and one more foreign language.<\/p>\n<\/div>\n<\/div>\n<\/div><\/div>\n","protected":false},"excerpt":{"rendered":"<p>Courses in English Choose the right course for you MASTER&#8217;S STUDY PROGRAM&nbsp;&#8211; General Medicine 6 years of study | MUDr. degreefull-time study We will prepare you for the real work&#8230;<\/p>\n","protected":false},"author":1,"featured_media":0,"parent":3977,"menu_order":20,"comment_status":"closed","ping_status":"closed","template":"","meta":{"_acf_changed":false,"inline_featured_image":false,"footnotes":""},"coauthors":[96,172,164,112],"class_list":["post-3696","page","type-page","status-publish","hentry"],"acf":[],"_links":{"self":[{"href":"https:\/\/lfp.cuni.cz\/en\/wp-json\/wp\/v2\/pages\/3696","targetHints":{"allow":["GET"]}}],"collection":[{"href":"https:\/\/lfp.cuni.cz\/en\/wp-json\/wp\/v2\/pages"}],"about":[{"href":"https:\/\/lfp.cuni.cz\/en\/wp-json\/wp\/v2\/types\/page"}],"author":[{"embeddable":true,"href":"https:\/\/lfp.cuni.cz\/en\/wp-json\/wp\/v2\/users\/1"}],"replies":[{"embeddable":true,"href":"https:\/\/lfp.cuni.cz\/en\/wp-json\/wp\/v2\/comments?post=3696"}],"version-history":[{"count":14,"href":"https:\/\/lfp.cuni.cz\/en\/wp-json\/wp\/v2\/pages\/3696\/revisions"}],"predecessor-version":[{"id":23836,"href":"https:\/\/lfp.cuni.cz\/en\/wp-json\/wp\/v2\/pages\/3696\/revisions\/23836"}],"up":[{"embeddable":true,"href":"https:\/\/lfp.cuni.cz\/en\/wp-json\/wp\/v2\/pages\/3977"}],"wp:attachment":[{"href":"https:\/\/lfp.cuni.cz\/en\/wp-json\/wp\/v2\/media?parent=3696"}],"wp:term":[{"taxonomy":"author","embeddable":true,"href":"https:\/\/lfp.cuni.cz\/en\/wp-json\/wp\/v2\/coauthors?post=3696"}],"curies":[{"name":"wp","href":"https:\/\/api.w.org\/{rel}","templated":true}]}}