{"id":3769,"date":"2023-10-23T13:58:49","date_gmt":"2023-10-23T11:58:49","guid":{"rendered":"https:\/\/lfp.cuni.cz\/?page_id=3769"},"modified":"2025-07-07T12:47:33","modified_gmt":"2025-07-07T10:47:33","slug":"freshmen-guide","status":"publish","type":"page","link":"https:\/\/lfp.cuni.cz\/en\/students\/freshmen-guide\/","title":{"rendered":"Freshmen guide"},"content":{"rendered":"\n\n\n<div class=\"wp-block-group\"><div class=\"wp-block-group__inner-container is-layout-constrained wp-block-group-is-layout-constrained\">\n<div class=\"wp-block-buttons is-layout-flex wp-block-buttons-is-layout-flex\">\n<div class=\"wp-block-button icon right file\"><a class=\"wp-block-button__link wp-element-button\" href=\"https:\/\/lfp.cuni.cz\/soubor\/students-guide-2025-26\/\">Download: New Students Guide <\/a><\/div>\n<\/div>\n<\/div><\/div>\n\n\n\n<div class=\"wp-block-group top-border dark-blue\"><div class=\"wp-block-group__inner-container is-layout-constrained wp-block-group-is-layout-constrained\">\n<h2 class=\"wp-block-heading\">What to do before entering the faculty<\/h2>\n\n\n\n<div class=\"wp-block-group accordion condensed-more margin-top-80\"><div class=\"wp-block-group__inner-container is-layout-constrained wp-block-group-is-layout-constrained\">\n<h2 class=\"wp-block-heading\">Accommodation<\/h2>\n\n\n\n<div class=\"wp-block-group\"><div class=\"wp-block-group__inner-container is-layout-constrained wp-block-group-is-layout-constrained\">\n<p>Take advantage of the offer of accommodation provided by Charles University directly in Pilsen.<\/p>\n\n\n\n<div class=\"wp-block-buttons is-layout-flex wp-block-buttons-is-layout-flex\">\n<div class=\"wp-block-button\"><a class=\"wp-block-button__link wp-element-button\" href=\"https:\/\/kam.cuni.cz\/KAMEN-256.html\" target=\"_blank\" rel=\"noreferrer noopener\">Dormitories in Pilsen<\/a><\/div>\n<\/div>\n<\/div><\/div>\n\n\n\n<h2 class=\"wp-block-heading\">Health medical insurance<\/h2>\n\n\n\n<div class=\"wp-block-group\"><div class=\"wp-block-group__inner-container is-layout-constrained wp-block-group-is-layout-constrained\">\n<p>The Czech Republic normally recognise all health insurance valid within EU. Nevertheless, you should check with your insurance office whether this is the case of your particular health insurance or not.<br><br><strong>All students are obliged to have a valid health insurance during their stay in the Czech Republic.<\/strong><br><br><strong>Students from EU countries holding a \u201eBlue European Insurance Card\u201c&nbsp;<\/strong>should register their health insurance cards at the <a href=\"http:\/\/www.vzp.cz\/o-nas\/pobocky\/plzensky-kraj\/4400-plzen\">VZP Insurance Company<\/a>:<br>Sady 5.kv\u011btna 59, Pilsen<br>Tel: 952&nbsp;222&nbsp;222<br><br>This registration is for free. It is necessary and obligatory in order to get a medical care in the Czech Republic.<br><br>Please bear in mind, that your European health card insurance (or with the E111 form and Provisional certificate) don\u2019t cover non-urgent treatment, or medically assisted transport home following serious illness or injury entitles and for these eventualities we recommend you take out&nbsp;<strong>extra medical or commercial travel insurance<\/strong>&nbsp;with an insurance provider in your home country.<br><br><strong>Students from non-EU countries<\/strong>&nbsp;do not register their insurance cards&nbsp;and they solve the payment for medical services directly with their insurance company according their insurance conditions. (These students must have a valid international medical insurance plan, or they must expect to pay cash for all medical care.)<\/p>\n<\/div><\/div>\n\n\n\n<h2 class=\"wp-block-heading\">Student card<\/h2>\n\n\n\n<div class=\"wp-block-group\"><div class=\"wp-block-group__inner-container is-layout-constrained wp-block-group-is-layout-constrained\">\n<p>The student card allows you to move around the campus and its components, to apply for student discounts for meals in the canteen and cafeteria, but also to identify yourself in exams, atc.<\/p>\n\n\n\n<div class=\"wp-block-buttons is-layout-flex wp-block-buttons-is-layout-flex\">\n<div class=\"wp-block-button\"><a class=\"wp-block-button__link wp-element-button\" href=\"https:\/\/lfp.cuni.cz\/en\/about-faculty\/card-service-center\/\" target=\"_blank\" rel=\"noreferrer noopener\">Card service center<\/a><\/div>\n<\/div>\n<\/div><\/div>\n\n\n\n<h2 class=\"wp-block-heading\">Study Literature<\/h2>\n\n\n\n<div class=\"wp-block-group\"><div class=\"wp-block-group__inner-container is-layout-constrained wp-block-group-is-layout-constrained\">\n<p>Use the services of the <a href=\"https:\/\/lfp.cuni.cz\/en\/library\/\" data-type=\"page\" data-id=\"4076\"><strong>faculty library,<\/strong><\/a> which has a wide range of study literature, journals and other study sources.<br><br>Students are informed by their teachers about books and any other things needed and required for each subject usually during the first lesson\/practical of the appropriate subject. We fully recommend students to be present there. Our Faculty does not provide the students with study books. The students should find and buy the recommended study books themselves.<br><br>We recommend the Oxford Bookshop in Pilsen, D\u0159ev\u011bn\u00e1 street 8,&nbsp;301 00 Pilsen, e-mail plzen@megabooks.cz, phone &nbsp;+420 371 651 029.<br><br>During October there&nbsp;is also a book-fair usually&nbsp;held at the Faculty.<\/p>\n<\/div><\/div>\n\n\n\n<h2 class=\"wp-block-heading\">Student user accounts<\/h2>\n\n\n\n<div class=\"wp-block-group\"><div class=\"wp-block-group__inner-container is-layout-constrained wp-block-group-is-layout-constrained\">\n<p><a href=\"https:\/\/lfp.cuni.cz\/en\/students\/student-user-accounts-2\/\" data-type=\"page\" data-id=\"5406\">More information here. <\/a><\/p>\n<\/div><\/div>\n<\/div><\/div>\n\n\n\n<div style=\"height:19px\" aria-hidden=\"true\" class=\"wp-block-spacer\"><\/div>\n<\/div><\/div>\n\n\n\n<div class=\"wp-block-group top-border dark-blue\"><div class=\"wp-block-group__inner-container is-layout-constrained wp-block-group-is-layout-constrained\">\n<h2 class=\"wp-block-heading\">How it goes at the faculty<\/h2>\n\n\n\n<h3 class=\"wp-block-heading\">Registration of courses and timetables<\/h3>\n\n\n\n<p>By the enrollment to academic year a student is automatically registered to compulsory courses. Students register them selves to core electives curses via Student Information System (SIS). In the SIS there can be also found timetables, study results, exam dates, etc.<\/p>\n\n\n\n<div class=\"wp-block-buttons is-layout-flex wp-block-buttons-is-layout-flex\">\n<div class=\"wp-block-button is-style-outline is-style-outline--1\"><a class=\"wp-block-button__link wp-element-button\" href=\"https:\/\/is.cuni.cz\/studium\/index.php\">SIS &#8211; Student system<\/a><\/div>\n<\/div>\n\n\n\n<h3 class=\"wp-block-heading\">Learning Sources<\/h3>\n\n\n\n<p>There are several electronical learning sources and online platforms tu support your study.<\/p>\n\n\n\n<div class=\"wp-block-buttons is-layout-flex wp-block-buttons-is-layout-flex\">\n<div class=\"wp-block-button is-style-outline is-style-outline--2\"><a class=\"wp-block-button__link wp-element-button\" href=\"#\">Moodle<\/a><\/div>\n<\/div>\n\n\n\n<h3 class=\"wp-block-heading\">Academic Senate &#8211; support among students<\/h3>\n\n\n\n<p>The Academic Senate is the body of the Faculty that decides on its operation. The Student Chamber is composed of duly elected student representatives. If you have questions about any of the policies of the Faculty or would like to be involved in changing them, please contact your Senators, who are the voice of the students.<\/p>\n\n\n\n<div class=\"wp-block-buttons is-layout-flex wp-block-buttons-is-layout-flex\">\n<div class=\"wp-block-button is-style-outline is-style-outline--3\"><a class=\"wp-block-button__link wp-element-button\" href=\"https:\/\/www.instagram.com\/skas_lfp_uk\/\">Instagram SKAS<\/a><\/div>\n<\/div>\n<\/div><\/div>\n\n\n\n<div style=\"height:15px\" aria-hidden=\"true\" class=\"wp-block-spacer\"><\/div>\n\n\n\n<div class=\"wp-block-group top-border dark-blue\"><div class=\"wp-block-group__inner-container is-layout-constrained wp-block-group-is-layout-constrained\">\n<h2 class=\"wp-block-heading\">Matriculation<\/h2>\n\n\n\n<figure class=\"wp-block-image size-large is-resized\"><img decoding=\"async\" width=\"2048\" height=\"1152\" src=\"https:\/\/lfp.cuni.cz\/wp-content\/uploads\/2024\/01\/3P7A9235-edited.jpg\" alt=\"\" class=\"wp-image-2536\" style=\"aspect-ratio:16\/9;object-fit:cover;width:839px;height:auto\" srcset=\"https:\/\/lfp.cuni.cz\/wp-content\/uploads\/2024\/01\/3P7A9235-edited.jpg 2048w, https:\/\/lfp.cuni.cz\/wp-content\/uploads\/2024\/01\/3P7A9235-edited-900x506.jpg 900w, https:\/\/lfp.cuni.cz\/wp-content\/uploads\/2024\/01\/3P7A9235-edited-1400x788.jpg 1400w, https:\/\/lfp.cuni.cz\/wp-content\/uploads\/2024\/01\/3P7A9235-edited-1800x1013.jpg 1800w\" sizes=\"(max-width: 2048px) 100vw, 2048px\" \/><\/figure>\n\n\n\n<p>Matriculation is an academic ceremony in which a student is solemnly admitted to the academic community of the university. It is compulsory for first \u2013 year students. The ceremony is not opened to public.<\/p>\n<\/div><\/div>\n\n\n\n<div style=\"height:100px\" aria-hidden=\"true\" class=\"wp-block-spacer\"><\/div>\n","protected":false},"excerpt":{"rendered":"<p>Aktu\u00e1ln\u011b Z\u00e1pis do studia prob\u011bhne 13. 9. 2023Do 20. 9. 2023 prob\u00edh\u00e1 p\u0159ihla\u0161ov\u00e1n\u00ed na koleje. What to do before entering the faculty Accommodation Take advantage of the offer of accommodation&#8230;<\/p>\n","protected":false},"author":1,"featured_media":0,"parent":3826,"menu_order":62,"comment_status":"closed","ping_status":"closed","template":"","meta":{"_acf_changed":false,"inline_featured_image":false,"footnotes":""},"coauthors":[96,172,164,112],"class_list":["post-3769","page","type-page","status-publish","hentry"],"acf":[],"_links":{"self":[{"href":"https:\/\/lfp.cuni.cz\/en\/wp-json\/wp\/v2\/pages\/3769","targetHints":{"allow":["GET"]}}],"collection":[{"href":"https:\/\/lfp.cuni.cz\/en\/wp-json\/wp\/v2\/pages"}],"about":[{"href":"https:\/\/lfp.cuni.cz\/en\/wp-json\/wp\/v2\/types\/page"}],"author":[{"embeddable":true,"href":"https:\/\/lfp.cuni.cz\/en\/wp-json\/wp\/v2\/users\/1"}],"replies":[{"embeddable":true,"href":"https:\/\/lfp.cuni.cz\/en\/wp-json\/wp\/v2\/comments?post=3769"}],"version-history":[{"count":20,"href":"https:\/\/lfp.cuni.cz\/en\/wp-json\/wp\/v2\/pages\/3769\/revisions"}],"predecessor-version":[{"id":19487,"href":"https:\/\/lfp.cuni.cz\/en\/wp-json\/wp\/v2\/pages\/3769\/revisions\/19487"}],"up":[{"embeddable":true,"href":"https:\/\/lfp.cuni.cz\/en\/wp-json\/wp\/v2\/pages\/3826"}],"wp:attachment":[{"href":"https:\/\/lfp.cuni.cz\/en\/wp-json\/wp\/v2\/media?parent=3769"}],"wp:term":[{"taxonomy":"author","embeddable":true,"href":"https:\/\/lfp.cuni.cz\/en\/wp-json\/wp\/v2\/coauthors?post=3769"}],"curies":[{"name":"wp","href":"https:\/\/api.w.org\/{rel}","templated":true}]}}