{"id":3812,"date":"2023-10-25T09:43:24","date_gmt":"2023-10-25T07:43:24","guid":{"rendered":"https:\/\/lfp.cuni.cz\/?page_id=3812"},"modified":"2025-10-16T08:52:41","modified_gmt":"2025-10-16T06:52:41","slug":"study-department","status":"publish","type":"page","link":"https:\/\/lfp.cuni.cz\/en\/students\/study-department\/","title":{"rendered":"Study Department"},"content":{"rendered":"\n<div class=\"wp-block-group condensed-more has-background\" style=\"background-color:#f9f9f9\"><div class=\"wp-block-group__inner-container is-layout-constrained wp-block-group-is-layout-constrained\">\n<div style=\"height:2.4rem\" aria-hidden=\"true\" class=\"wp-block-spacer\"><\/div>\n\n\n\n<h3 class=\"wp-block-heading margin-bottom-8 has-medium-font-size\">For Master&#8217;s studies only<br><a href=\"mailto:martina.buriankova@lfp.cuni.cz\"><strong><strong>medstudy@lfp.cuni.cz<\/strong><\/strong><\/a><br><\/h3>\n\n\n\n<div style=\"height:36px\" aria-hidden=\"true\" class=\"wp-block-spacer\"><\/div>\n<\/div><\/div>\n\n\n\n<div style=\"height:50px\" aria-hidden=\"true\" class=\"wp-block-spacer\"><\/div>\n\n\n\n<div class=\"wp-block-group notice icon info margin-top-minus-64 margin-bottom-16\"><div class=\"wp-block-group__inner-container is-layout-constrained wp-block-group-is-layout-constrained\">\n\n<\/div><\/div>\n\n\n\n<div class=\"wp-block-group top-border dark-blue condensed-more\"><div class=\"wp-block-group__inner-container is-layout-constrained wp-block-group-is-layout-constrained\">\n<h2 class=\"wp-block-heading\">Office hours<\/h2>\n\n\n\n<div class=\"wp-block-columns margin-top-48 gap-144 is-layout-flex wp-container-core-columns-is-layout-9d6595d7 wp-block-columns-is-layout-flex\">\n<div class=\"wp-block-column is-layout-flow wp-block-column-is-layout-flow\" style=\"flex-basis:50%\">\n<figure class=\"wp-block-table\"><table class=\"has-fixed-layout\"><tbody><tr><td>Monday<\/td><td><strong>8.30\u201311.30<\/strong><\/td><\/tr><tr><td>Tuesday<\/td><td><strong>8.30\u201311.30 a 12.30\u201314.30<\/strong><\/td><\/tr><tr><td>Wednesday<\/td><td><strong>closed<\/strong><\/td><\/tr><tr><td>Thursday<\/td><td><strong>8.30\u201311.30 a 12.30\u201314.30<\/strong><\/td><\/tr><tr><td>Friday<\/td><td><strong>closed<\/strong><\/td><\/tr><\/tbody><\/table><\/figure>\n<\/div>\n\n\n\n<div class=\"wp-block-column is-layout-flow wp-block-column-is-layout-flow\" style=\"flex-basis:32rem\">\n<p><strong>The Study Department for international students is located on the 3rd floor of the U1 building.<\/strong><\/p>\n<\/div>\n<\/div>\n<\/div><\/div>\n\n\n\n<div class=\"wp-block-group\"><div class=\"wp-block-group__inner-container is-layout-constrained wp-block-group-is-layout-constrained\">\n<hr class=\"wp-block-separator has-alpha-channel-opacity\" \/>\n\n\n\n<h2 class=\"wp-block-heading\">What if<\/h2>\n\n\n\n<p>Here&#8217;s a list of the most common questions that may help you find a solution to your problem.<\/p>\n\n\n\n<div class=\"wp-block-group accordion condensed-more margin-top-80\"><div class=\"wp-block-group__inner-container is-layout-constrained wp-block-group-is-layout-constrained\">\n<h3 class=\"wp-block-heading\">you have a right to obtain a scholarship for excellent study results<\/h3>\n\n\n\n<div class=\"wp-block-group\"><div class=\"wp-block-group__inner-container is-layout-constrained wp-block-group-is-layout-constrained\">\n<p>The scholarship is awarded authomatically to the student whose study average for the previous Academic year does not exceed 1.15 and if the student meets other criteria settled by the <a href=\"https:\/\/lfp.cuni.cz\/wp-content\/uploads\/2024\/02\/2023-11-01-rules-for-awarding-scholarships.pdf\">Rules for Awarding Scholarships and Bursaries at LFP<\/a>. You do not have to submit any request, you will receive the decision on awarding a scholarship via SIS during November and the payment is done in two halfs, first one in December, second one in April. Payment of the scholarship is done exclusively via bank transfer to the student\u2019s bank account held by the Czech bank.<\/p>\n<\/div><\/div>\n\n\n\n<h3 class=\"wp-block-heading\">you need to ask for a payment of the tuition fee in two instalments<\/h3>\n\n\n\n<div class=\"wp-block-group\"><div class=\"wp-block-group__inner-container is-layout-constrained wp-block-group-is-layout-constrained\">\n<p>In justified cases, students in higher years may ask the Dean of the Faculty of Medicine in Pilsen for a permission to pay their annual tuition fee in two equal instalments. Payment in two instalments is not claimed automatically. The final decision in this matter is entirely to the Dean of the Faculty.<br><br><strong>The deadline<\/strong>&nbsp;for a request submitting is&nbsp;<strong>the end of July<\/strong>&nbsp;of previous Academic year (e.g. for splitting payment for the Ac. year 2024\/25, the deadline is end of July 2024) . After this date any requests will not be accepted!&nbsp;<br><br>A student will fill in the request form with an option&nbsp;<em>payment of tuition fee in two installments&nbsp;<\/em>and a short justification and submit it to the study department in person or as a scan sent via e-mail.<br><br>In case if student\u00b4s request is positively approved by the Dean, student will visit the Study Department personally to sign an Instalment plan\/agreement, which is a binding document for the payment of tuition fee in two instalments.<br><br><strong>Without any exception, all new coming 1st year students will pay a&nbsp;full amount&nbsp;of tuition fee in one instalment.<\/strong><br><br><a href=\"https:\/\/lfp.cuni.cz\/en\/fees\/\" data-type=\"page\" data-id=\"3707\">More information about the tuition fee.<\/a><\/p>\n\n\n\n<div class=\"wp-block-buttons is-layout-flex wp-block-buttons-is-layout-flex\">\n<div class=\"wp-block-button\"><a class=\"wp-block-button__link wp-element-button\" href=\"https:\/\/lfp.cuni.cz\/wp-content\/uploads\/2024\/02\/student-request.pdf\">Student request<\/a><\/div>\n<\/div>\n<\/div><\/div>\n\n\n\n<h3 class=\"wp-block-heading\">you would like to interrupt your studies<\/h3>\n\n\n\n<div class=\"wp-block-group\"><div class=\"wp-block-group__inner-container is-layout-constrained wp-block-group-is-layout-constrained\">\n<p>Study may be interrupted more than once upon request from a student (or by virtue of office). With the exception of very serious reasons, namely a health condition, the interruption of study is not granted before the second unit of study (if the units of study are years). Study interruption from a student side commonly has following reasons:&nbsp;<\/p>\n\n\n\n<p>1. The student applies for interruption of study on the grounds of&nbsp;<strong>pregnancy, delivery, or parental care<\/strong>&nbsp;or for the purpose of caring for a dependant<\/p>\n\n\n\n<ul class=\"wp-block-list\">\n<li>student will submit a form of request and a proof of parenting (e.g. a birth certificate of the child, a pregnancy certificate, etc.)<\/li>\n\n\n\n<li>study will be interrupted for the period of time which would otherwise be covered by the maternity (or parental leave) of the student<\/li>\n<\/ul>\n\n\n\n<p>2. The student applies for the interruption of study because of a serious&nbsp;<strong>health condition<\/strong><\/p>\n\n\n\n<ul class=\"wp-block-list\">\n<li>student will submit a form of request together with a medical report proving the health condition<\/li>\n\n\n\n<li>study will be interrupted until the time for enrollment into upcoming unit of study<\/li>\n<\/ul>\n\n\n\n<p>3. The student&nbsp;<strong>fulfilled the requirements<\/strong>&nbsp;for the relevant unit of study and did not begin study in the subsequent unit of study<\/p>\n\n\n\n<ul class=\"wp-block-list\">\n<li>student will submit a form of request, no justification is needed in this case<\/li>\n\n\n\n<li>study will be interrupted for the period remaining until the expiration of the maximum duration of study<\/li>\n<\/ul>\n\n\n\n<p>Student is asked to deliver the request for study interruption together with all supporting document to the English Study Department office. If the student cannot deal with this matter in person, it can be also solved by another person on the base of power of attorney.&nbsp;<\/p>\n<\/div><\/div>\n\n\n\n<h3 class=\"wp-block-heading\">you would like to terminate your studies<\/h3>\n\n\n\n<div class=\"wp-block-group\"><div class=\"wp-block-group__inner-container is-layout-constrained wp-block-group-is-layout-constrained\">\n<p>A student can leave the studies at any time of his\/her own free will. In this case, student is asked to deliver the request for study termination to the English Study Department office. Leaving the study does not give rise to the right to a refund of the fee associated with the study in a foreign language (tuition fee). After study termination, student will receive a Transcript of Records (a list of completed study requirements) and a confirmation of study progress.<\/p>\n<\/div><\/div>\n\n\n\n<h3 class=\"wp-block-heading\">you need to ask for an Individual Study Plan<\/h3>\n\n\n\n<div class=\"wp-block-group\"><div class=\"wp-block-group__inner-container is-layout-constrained wp-block-group-is-layout-constrained\">\n<p>A student can ask for an Individual Study Plan for a several reasons, e.g.:<\/p>\n\n\n\n<p>1. If the curriculum makes it impossible, through setting prerequisites for the registration for further subjects, to acquire in the subsequent unit the minimum number of credits for registration in the next unit of study, student can ask for an Individual Study Plan (gap year). The condition for ISP in this case is&nbsp;<strong>maximum of two missing study duties<\/strong>.&nbsp;<\/p>\n\n\n\n<p>The request for ISP has to be submitted to English Study Department office latest until the last day of enrollment into the next unit of study (typically 30th of September)!<\/p>\n\n\n\n<p>2. ISP request is also required from students leaving for an Erasmus stay, we ask students to submit a form before their planned leaving (beggining of semester or Ac. year).<\/p>\n<\/div><\/div>\n\n\n\n<h3 class=\"wp-block-heading\">you would like to ask for a subject recognition<\/h3>\n\n\n\n<div class=\"wp-block-group\"><div class=\"wp-block-group__inner-container is-layout-constrained wp-block-group-is-layout-constrained\">\n<p>Student may apply for recognition of the fulfilment of assessment of a subject. The fulfillment of the study obligation must not be older than the standard period of study extended by two years. Student will follow instructions:&nbsp;<\/p>\n\n\n\n<ul class=\"wp-block-list\">\n<li>collect a proof of completing the subject and its sylabus<\/li>\n\n\n\n<li>fill in the form of request (other study issues)<\/li>\n\n\n\n<li>visit a subject guarantor with all above mentioned documents and ask for his\/her statement which must be clearly written on the form of request (or attached to it)<\/li>\n\n\n\n<li>submit all these documents to English Study Department office<\/li>\n<\/ul>\n<\/div><\/div>\n\n\n\n<h3 class=\"wp-block-heading\">you need information about summer practice<\/h3>\n\n\n\n<div class=\"wp-block-group\"><div class=\"wp-block-group__inner-container is-layout-constrained wp-block-group-is-layout-constrained\">\n<p><strong>General Medicine&nbsp;<\/strong><\/p>\n\n\n\n<p>According to the study plan (curriculum), you are asked to fulfill a summer practice after summer semester, specifically:<\/p>\n\n\n\n<ul class=\"wp-block-list\">\n<li>2nd year students: subject Patients Care, range of 60 hours;<\/li>\n\n\n\n<li>4th year students: subjects Practice &#8211; Internal Medicine, range of 60 hours, and Practice &#8211; Surgery, range of 60 hours<\/li>\n<\/ul>\n\n\n\n<p>It is a habit and we recommend to our students to do a summer practice in their home countries. The practice can be fulfilled in any medical facility if the syllabus will be followed.<\/p>\n\n\n\n<p>In case students will need any document to arrange passing summer practice in hospital in their home country, they can contact English Study Department to issue it.<\/p>\n\n\n\n<p>Students of the 2nd and 4th year of General Medicine Course, who cannot do the summer practice in their home countries, can complete the practice at the University Hospital in Pilsen. Such a students are asked to contact the chosen department, where they want to do the practice for the prior approval, and to inform the English Study Department latest until&nbsp;the end of April of the respective Academic year&nbsp;by submitting a document&nbsp;<em>\u201cprior approval summer practice\u201d<\/em>&nbsp;confirmed by the chosen department. Please note that in case of completing Patients Care practice here in Pilsen, the knowledge of Czech language is required.<\/p>\n\n\n\n<p>After completing the practice, students will submit the confirmation form to English Study Dept. office to obtain a credit; such a confirmation must be submitted latest until the date of enrollment into the next year of study.<\/p>\n\n\n\n<p>All forms needed incl. syllabi are available from the <a href=\"https:\/\/lfp.cuni.cz\/fakulta\/soubory-ke-stazeni\/#study-department-for-english-study-program\" target=\"_blank\" rel=\"noreferrer noopener\">download section<\/a>.&nbsp; <\/p>\n\n\n\n<p><strong>Dentistry<\/strong><\/p>\n\n\n\n<p>The practice is organised by the Department of Stomatology, from which students will receive all the information.<\/p>\n<\/div><\/div>\n\n\n\n<h3 class=\"wp-block-heading\">you would like to complete the practical part of the 6th year abroad<\/h3>\n\n\n\n<div class=\"wp-block-group\"><div class=\"wp-block-group__inner-container is-layout-constrained wp-block-group-is-layout-constrained\">\n<p>All of you have an option to complete the 6th year practical part of clinical courses (your block-teaching) in hospital other than University Hospital in Pilsen, specificaly a hospital abroad, in you home country or any other country<\/p>\n\n\n\n<p>All the information and forms you will find in the <a href=\"https:\/\/lfp.cuni.cz\/fakulta\/soubory-ke-stazeni\/#study-department-for-english-study-program\">download section<\/a>, namely:<\/p>\n\n\n\n<ul class=\"wp-block-list\">\n<li><strong>Vice-Dean&#8217;s statement &#8211; Options<\/strong>\n<ul class=\"wp-block-list\">\n<li>please read this document carefully, the conditions and options which you will have to meet are clearly written in it.<\/li>\n<\/ul>\n<\/li>\n\n\n\n<li><strong>Vice-Dean&#8217;s statement &#8211; block teaching during summer<\/strong>\n<ul class=\"wp-block-list\">\n<li>Vice-Dean usually approves a possibility to complete the practical part of clinical courses in your home countries also before start of the upcoming Academic year for 6th year students (during summer after 5th year)<\/li>\n<\/ul>\n<\/li>\n\n\n\n<li><strong>Application<\/strong>\n<ul class=\"wp-block-list\">\n<li>the official form of request, we kindly ask you to submit this document to the English Study Department Office (approved and signed by the Head of the Department concerned) &#8211; please let us know as soon as possible which subjects you are going to fulfill abroad, but latest until the end of June of the Academic year of your 5th study year.<\/li>\n<\/ul>\n<\/li>\n\n\n\n<li><strong>Student&#8217;s Log-Book<\/strong>\n<ul class=\"wp-block-list\">\n<li>this document you will present (according to previous agreement with the subject guarantor) to the relevant department in the University Hospital Pilsen as a prove that you have met all their requirements, so then you can obtain a credit<\/li>\n<\/ul>\n<\/li>\n<\/ul>\n<\/div><\/div>\n\n\n\n<h3 class=\"wp-block-heading\">you want to enroll yourself to the next year of study<\/h3>\n\n\n\n<div class=\"wp-block-group\"><div class=\"wp-block-group__inner-container is-layout-constrained wp-block-group-is-layout-constrained\">\n<p><strong>The enrollment into 2nd-5th\/6th year is done in an electronic way.<\/strong><\/p>\n\n\n\n<p>Electronic enrollment does not aply for the enrollment into the 1st year and Individual Study plan.&nbsp;Enrollment into the 1st year of study is done in person (admitted student will be invited to a selected date of enrollment), enrollment into the individual study plan is done by submitting a request via paper form to the English Study Department.<\/p>\n\n\n\n<p><strong>1.&nbsp;Summer Practice confirmation<\/strong><\/p>\n\n\n\n<p>Submit a summer practice confirmation to the Study Department (2nd and 4th year GM student) in person or via e-mail. As a&nbsp;<strong>subject of the email<\/strong>&nbsp;write: Summer practice \u2013 Name, Surname &#8211; year and field of study (GM)<\/p>\n\n\n\n<p>Students of 2nd, 3rd and 4th year of DY submit a summer practice confirmation&nbsp;to the Department of Stomatology according their given instructions.<\/p>\n\n\n\n<p>Forms are available in the <a href=\"https:\/\/lfp.cuni.cz\/fakulta\/soubory-ke-stazeni\/#study-department-for-english-study-program\">download section<\/a>.<\/p>\n\n\n\n<p><strong>2.&nbsp;Check your personal data in the SIS.<\/strong>&nbsp;<\/p>\n\n\n\n<p>In case if some of your data set in the SIS are not valid anymore, please update it.<\/p>\n\n\n\n<p><strong>3.&nbsp;For your own purpose run in SIS the checking of your study duties<\/strong>&nbsp;necessary for the enrollment into the next year.<\/p>\n\n\n\n<p><strong>Is some fullfilled credit or exam missing in your SIS?<\/strong><\/p>\n\n\n\n<p>All results are recorded by appropriate Departments and Clinics into the SIS system. Student\u00b4s responsibility is to check, if their results are recorded in the system correctly and on time \u2013 at least within 5 working days from the date of sitting their exam or credit. In case if this does not happen, student is obliged to contact their examinator via email. The copy of their email should be forwarded to the garant of the subject, too.<\/p>\n\n\n\n<p><strong>4.&nbsp;Register of core-elective subjects<\/strong><\/p>\n\n\n\n<p>The number of credits achieved in core elective subjects for the whole time of study is&nbsp;<strong>18&nbsp;<\/strong>for&nbsp;<strong>General Medicine&nbsp;<\/strong>Course and&nbsp;<strong>15&nbsp;<\/strong>for<strong>&nbsp;Dentistry&nbsp;<\/strong>Course.<\/p>\n\n\n\n<p>Redommended number of credits by years:&nbsp;<\/p>\n\n\n\n<figure class=\"wp-block-table\"><table><tbody><tr><td><strong>General Medicine&nbsp;<\/strong><\/td><td><strong>Number of ECTS<\/strong><\/td><td><strong>Dentistry<\/strong><\/td><td><strong>Number of ECTS<\/strong><\/td><\/tr><tr><td>2nd year<\/td><td>2<\/td><td>2nd year<\/td><td>5<\/td><\/tr><tr><td>3rd year<\/td><td>4<\/td><td>3rd year<\/td><td>5<\/td><\/tr><tr><td>4th year<\/td><td>4<\/td><td>4th year<\/td><td>5<\/td><\/tr><tr><td>5th year<\/td><td>8<\/td><td>&#8211;<\/td><td>&#8211;<\/td><\/tr><\/tbody><\/table><\/figure>\n\n\n\n<p><a href=\"https:\/\/lfp.cuni.cz\/wp-content\/uploads\/2024\/03\/Enrollment-of-Core-Elective-Subjects-Manual.pdf\" data-type=\"attachment\" data-id=\"7919\" target=\"_blank\" rel=\"noreferrer noopener\">Detailed manual here<\/a><\/p>\n\n\n\n<p><strong>5.&nbsp;Send a request for the enrollment into the next year via SIS to the Study Department<\/strong>.<\/p>\n\n\n\n<p><a href=\"https:\/\/lfp.cuni.cz\/wp-content\/uploads\/2024\/03\/Electronic-Enrollment-Manual.pdf\" data-type=\"attachment\" data-id=\"7914\" target=\"_blank\" rel=\"noreferrer noopener\">Detailed manual here<\/a><\/p>\n\n\n\n<p><strong>If everything is correct, you will be enrolled by a Study Department in an electronic way.<\/strong><\/p>\n\n\n\n<p>Student who do not complete their enrollment during the enrollment terms set by the Faculty will be prompted via email in the SIS to do so at the latest during the alternative term. If student do not enroll at the latest by the alternative enrollment date, it applies that by the date of the alternative enrollment date their study was terminated.<\/p>\n\n\n\n<p><strong>To avoid problems with the start of study we appeal to all students to pay their tuition fee on time and do their enrollment as soon as possible if the conditions for their enrollment are fullfilled.<\/strong><\/p>\n<\/div><\/div>\n<\/div><\/div>\n<\/div><\/div>\n\n\n\n<div class=\"wp-block-group\"><div class=\"wp-block-group__inner-container is-layout-constrained wp-block-group-is-layout-constrained\">\n<hr class=\"wp-block-separator has-alpha-channel-opacity\" \/>\n\n\n\n<h2 class=\"wp-block-heading\">Contacts<\/h2>\n\n\n\n<p><a href=\"https:\/\/is.cuni.cz\/webapps\/whois2\/osoba\/1539978838219649\/?lang=en\">\u0160\u00e1rka \u0160nebergerov\u00e1<\/a><br><a href=\"https:\/\/is.cuni.cz\/webapps\/whois2\/osoba\/1471188985934893\/?lang=en\">Ing. Mark\u00e9ta Karlov\u00e1<\/a><br><\/p>\n<\/div><\/div>\n\n\n\n<div class=\"wp-block-group info yellow margin-bottom-80\"><div class=\"wp-block-group__inner-container is-layout-constrained wp-block-group-is-layout-constrained\">\n<h3 class=\"wp-block-heading\">Contact for doctoral studies<\/h3>\n\n\n\n<p>Contacts and information on doctoral (Ph.D.) studies can be found on the <a href=\"https:\/\/lfp.cuni.cz\/en\/students\/doctoral-study\/\" data-type=\"page\" data-id=\"4004\">Doctoral Study page<\/a>.<\/p>\n<\/div><\/div>\n\n\n\n<div class=\"wp-block-group top-border dark-blue\"><div class=\"wp-block-group__inner-container is-layout-constrained wp-block-group-is-layout-constrained\">\n<h2 class=\"wp-block-heading\">Forms and Documents<\/h2>\n\n\n\n<p>Forms and documents that you need during your studies at the faculty can be found in <strong><a href=\"https:\/\/lfp.cuni.cz\/fakulta\/soubory-ke-stazeni\/#study-department-for-english-study-program\">Downloads<\/a>.<\/strong><\/p>\n\n\n\n<div style=\"height:35px\" aria-hidden=\"true\" class=\"wp-block-spacer\"><\/div>\n<\/div><\/div>\n\n\n\n<div style=\"height:53px\" aria-hidden=\"true\" class=\"wp-block-spacer\"><\/div>\n","protected":false},"excerpt":{"rendered":"<p>For Master&#8217;s studies onlymedstudy@lfp.cuni.cz Office hours Monday 8.30\u201311.30 Tuesday 8.30\u201311.30 a 12.30\u201314.30 Wednesday closed Thursday 8.30\u201311.30 a 12.30\u201314.30 Friday closed The Study Department for international students is located on the&#8230;<\/p>\n","protected":false},"author":1,"featured_media":0,"parent":3826,"menu_order":68,"comment_status":"closed","ping_status":"closed","template":"","meta":{"_acf_changed":false,"inline_featured_image":false,"footnotes":""},"coauthors":[96,164,112,190],"class_list":["post-3812","page","type-page","status-publish","hentry"],"acf":[],"_links":{"self":[{"href":"https:\/\/lfp.cuni.cz\/en\/wp-json\/wp\/v2\/pages\/3812","targetHints":{"allow":["GET"]}}],"collection":[{"href":"https:\/\/lfp.cuni.cz\/en\/wp-json\/wp\/v2\/pages"}],"about":[{"href":"https:\/\/lfp.cuni.cz\/en\/wp-json\/wp\/v2\/types\/page"}],"author":[{"embeddable":true,"href":"https:\/\/lfp.cuni.cz\/en\/wp-json\/wp\/v2\/users\/1"}],"replies":[{"embeddable":true,"href":"https:\/\/lfp.cuni.cz\/en\/wp-json\/wp\/v2\/comments?post=3812"}],"version-history":[{"count":35,"href":"https:\/\/lfp.cuni.cz\/en\/wp-json\/wp\/v2\/pages\/3812\/revisions"}],"predecessor-version":[{"id":21363,"href":"https:\/\/lfp.cuni.cz\/en\/wp-json\/wp\/v2\/pages\/3812\/revisions\/21363"}],"up":[{"embeddable":true,"href":"https:\/\/lfp.cuni.cz\/en\/wp-json\/wp\/v2\/pages\/3826"}],"wp:attachment":[{"href":"https:\/\/lfp.cuni.cz\/en\/wp-json\/wp\/v2\/media?parent=3812"}],"wp:term":[{"taxonomy":"author","embeddable":true,"href":"https:\/\/lfp.cuni.cz\/en\/wp-json\/wp\/v2\/coauthors?post=3812"}],"curies":[{"name":"wp","href":"https:\/\/api.w.org\/{rel}","templated":true}]}}