{"id":3826,"date":"2023-10-23T13:45:47","date_gmt":"2023-10-23T11:45:47","guid":{"rendered":"https:\/\/lfp.cuni.cz\/?page_id=3826"},"modified":"2026-01-13T10:51:12","modified_gmt":"2026-01-13T09:51:12","slug":"students","status":"publish","type":"page","link":"https:\/\/lfp.cuni.cz\/en\/students\/","title":{"rendered":"Students"},"content":{"rendered":"\n<div class=\"wp-block-group notice icon info has-bg has-bg-small\"><div class=\"wp-block-group__inner-container is-layout-constrained wp-block-group-is-layout-constrained\"><\/div><\/div>\n\n\n\n<div class=\"wp-block-group top-border dark-blue\"><div class=\"wp-block-group__inner-container is-layout-constrained wp-block-group-is-layout-constrained\">\n<h2 class=\"wp-block-heading\">What if<\/h2>\n\n\n\n<p>Whether you have questions about your studies or the admissions process, explore the <strong>FAQs <\/strong>on the <strong><a href=\"https:\/\/lfp.cuni.cz\/en\/students\/study-department\/#what-if\" data-type=\"page\" data-id=\"3812\">Study Department<\/a><\/strong> page. You will also find contacts for the study officers there.<\/p>\n\n\n\n<p>If you want to know how to behave in case of <strong>emergencies <\/strong>such as evacuation or other crisis situations, visit the <a href=\"https:\/\/lfp.cuni.cz\/en\/safety-at-lfp\/\" data-type=\"page\" data-id=\"15753\"><strong>LFP safety page<\/strong><\/a>. Here you will find useful information and emergency contacts.<\/p>\n<\/div><\/div>\n\n\n\n<div class=\"wp-block-group top-border dark-blue\"><div class=\"wp-block-group__inner-container is-layout-constrained wp-block-group-is-layout-constrained\">\n<h2 class=\"wp-block-heading\">Academic Calendar 2025\/26<\/h2>\n\n\n\n<p><strong>Opening of the Academic year 1. 10. 2025<\/strong><br><strong>End of the Academic year&nbsp;30. 9. 2026<\/strong><br><strong>Exams can also be taken during the period 1. 7. 2026 &#8211; 15. 9. 2026<\/strong><\/p>\n\n\n\n<div class=\"wp-block-group accordion\"><div class=\"wp-block-group__inner-container is-layout-constrained wp-block-group-is-layout-constrained\">\n<article class=\"wp-block-group\"><div class=\"wp-block-group__inner-container is-layout-constrained wp-block-group-is-layout-constrained\">\n<h3 class=\"wp-block-heading\">Winter semester:<\/h3>\n\n\n\n<p><strong>Teaching period<\/strong>: 1. 10. 2025 &#8211; 9. 1. 2026<br>Examination period: 12. 1. 2026 &#8211; 15. 2. 2026<br>Christmas <strong>vacation<\/strong>: 22. 12. 2025 &#8211; 2. 1. 2026<br>Electronic <strong>registration for exams<\/strong>: continuously<br>Enrollment to the subjects and schedule: 1. 6. 2025 &#8211; 30. 9. 2025<\/p>\n<\/div><\/article>\n\n\n\n<article class=\"wp-block-group\"><div class=\"wp-block-group__inner-container is-layout-constrained wp-block-group-is-layout-constrained\">\n<h3 class=\"wp-block-heading\">Summer semester<\/h3>\n\n\n\n<p><strong>Teaching period<\/strong>: 16. 2. 2026 &#8211; 22. 5. 2026<br>Examination period: 25. 5. 2026 &#8211; 30. 6. 2026<br>Summer <strong>vacation<\/strong>: 1. 7. 2026 &#8211; 31. 8. 2026<br>Electronic <strong>registration for exams<\/strong>: continuously<br>Enrollment to the subjects and schedule: 9. 2. 2026 &#8211; 15. 2. 2026<\/p>\n<\/div><\/article>\n\n\n\n<article class=\"wp-block-group\"><div class=\"wp-block-group__inner-container is-layout-constrained wp-block-group-is-layout-constrained\">\n<h3 class=\"wp-block-heading\">Rector\u2019s\/Dean\u2019s Day will be announced<\/h3>\n\n\n\n<p>teaching cancelled, study controls can be taken<\/p>\n<\/div><\/article>\n<\/div><\/div>\n<\/div><\/div>\n\n\n\n<div class=\"wp-block-group top-border dark-blue\"><div class=\"wp-block-group__inner-container is-layout-constrained wp-block-group-is-layout-constrained\">\n<h2 class=\"wp-block-heading\">First days at the Faculty<\/h2>\n\n\n\n<p>Congratulations on your acceptance to the faculty! To help you make the transition from high school to college easier, we&#8217;ve put together a smart guide to help you get through the first steps.<\/p>\n\n\n\n<div class=\"wp-block-buttons is-layout-flex wp-block-buttons-is-layout-flex\">\n<div class=\"wp-block-button is-style-outline is-style-outline--1\"><a class=\"wp-block-button__link wp-element-button\" href=\"https:\/\/lfp.cuni.cz\/en\/students\/freshmen-guide\/\">Freshmen guide<\/a><\/div>\n<\/div>\n\n\n\n<p>A unified <a href=\"https:\/\/pr.cuni.cz\/PR-26-version1-uk_2025_prvakoviny_en_online_1.pdf\">guide for all UK students<\/a> is also available.<\/p>\n<\/div><\/div>\n\n\n\n<div class=\"wp-block-group top-border dark-blue\"><div class=\"wp-block-group__inner-container is-layout-constrained wp-block-group-is-layout-constrained\">\n<h2 class=\"wp-block-heading\">How to obtain syllabi<\/h2>\n\n\n\n<p>If you need to get confirmed syllabi, instruction how to do it can be found in the attached file.&nbsp;<br>If in any case the version from SIS is not sufficient for you, you can always contact sercetary of the relevant department to issue the document for you.<\/p>\n\n\n\n<div class=\"wp-block-buttons is-layout-flex wp-block-buttons-is-layout-flex\">\n<div class=\"wp-block-button\"><a class=\"wp-block-button__link wp-element-button\" href=\"https:\/\/lfp.cuni.cz\/wp-content\/uploads\/2024\/02\/how-to-obtain-syllabi-2.pdf\">Instruction<\/a><\/div>\n<\/div>\n<\/div><\/div>\n\n\n\n<div class=\"wp-block-group top-border dark-blue\"><div class=\"wp-block-group__inner-container is-layout-constrained wp-block-group-is-layout-constrained\">\n<h2 class=\"wp-block-heading\">SIS instructions<\/h2>\n\n\n\n<p>Here you can find usefull tips and instruction for working with SIS. <\/p>\n\n\n\n<div class=\"wp-block-buttons is-layout-flex wp-block-buttons-is-layout-flex\">\n<div class=\"wp-block-button\"><a class=\"wp-block-button__link wp-element-button\" href=\"https:\/\/www.youtube.com\/playlist?list=PLxA9WTeX6zaVyqsZ_cP_TIcpcneaYyHB9\" target=\"_blank\" rel=\"noreferrer noopener\">Instructions<\/a><\/div>\n<\/div>\n<\/div><\/div>\n\n\n\n<div class=\"wp-block-group top-border dark-blue\"><div class=\"wp-block-group__inner-container is-layout-constrained wp-block-group-is-layout-constrained\">\n<h2 class=\"wp-block-heading\">Important links<\/h2>\n\n\n<nav class=\"is-vertical wp-block-navigation is-layout-flex wp-container-core-navigation-is-layout-8cf370e7 wp-block-navigation-is-layout-flex\" aria-label=\"Navigace\"><ul class=\"wp-block-navigation__container  is-vertical wp-block-navigation\"><li class=\" wp-block-navigation-item wp-block-navigation-link\"><a class=\"wp-block-navigation-item__content\"  href=\"https:\/\/lfp.cuni.cz\/en\/students\/student-user-accounts\/\"><span class=\"wp-block-navigation-item__label\">Student user accounts<\/span><\/a><\/li><li class=\" wp-block-navigation-item wp-block-navigation-link\"><a class=\"wp-block-navigation-item__content\"  href=\"https:\/\/lfp.cuni.cz\/en\/science-and-research\/students-scientific-activity\/\"><span class=\"wp-block-navigation-item__label\">Student\u2019s scientific activity<\/span><\/a><\/li><li class=\" wp-block-navigation-item wp-block-navigation-link\"><a class=\"wp-block-navigation-item__content\"  href=\"https:\/\/lfp.cuni.cz\/en\/about-faculty\/card-service-center\/\"><span class=\"wp-block-navigation-item__label\">Card service center<\/span><\/a><\/li><li class=\" wp-block-navigation-item wp-block-navigation-link\"><a class=\"wp-block-navigation-item__content\"  href=\"https:\/\/lfp.cuni.cz\/o-fakulte\/uredni-deska\/#predpisy-a-zakladni-dokumenty\"><span class=\"wp-block-navigation-item__label\">Study regulations<\/span><\/a><\/li><li class=\" wp-block-navigation-item wp-block-navigation-link\"><a class=\"wp-block-navigation-item__content\"  href=\"https:\/\/is.cuni.cz\/studium\/index.php\"><span class=\"wp-block-navigation-item__label\">SIS<\/span><\/a><\/li><li class=\" wp-block-navigation-item wp-block-navigation-link\"><a class=\"wp-block-navigation-item__content\"  href=\"https:\/\/moodle.lfp.cuni.cz\/\"><span class=\"wp-block-navigation-item__label\">Moodle<\/span><\/a><\/li><li class=\" wp-block-navigation-item wp-block-navigation-link\"><a class=\"wp-block-navigation-item__content\"  href=\"https:\/\/cunicz-my.sharepoint.com\/:x:\/g\/personal\/86253411_cuni_cz\/EUIGnXdtsb9Oo7HdxwCbSAYB1zs5RXx4_xCjCWTDP848vQ\"><span class=\"wp-block-navigation-item__label\">Study plans DY<\/span><\/a><\/li><li class=\" wp-block-navigation-item wp-block-navigation-link\"><a class=\"wp-block-navigation-item__content\"  href=\"https:\/\/cunicz-my.sharepoint.com\/:x:\/g\/personal\/86253411_cuni_cz\/ET1dhUVn6Y9Fv7anFQPS6sIBRkQEOZ5XEvLEqICYazH_jQ\" target=\"_blank\"  ><span class=\"wp-block-navigation-item__label\">Study plans GM<\/span><\/a><\/li><\/ul><\/nav>\n\n\n<div class=\"wp-block-group\"><div class=\"wp-block-group__inner-container is-layout-constrained wp-block-group-is-layout-constrained\"><\/div><\/div>\n<\/div><\/div>\n\n\n\n<div class=\"wp-block-group top-border dark-blue\"><div class=\"wp-block-group__inner-container is-layout-constrained wp-block-group-is-layout-constrained\">\n<h2 class=\"wp-block-heading\">Student life<\/h2>\n\n\n<nav class=\"wp-block-navigation is-layout-flex wp-block-navigation-is-layout-flex\" aria-label=\"Navigace 2\"><ul class=\"wp-block-navigation__container  wp-block-navigation\"><li class=\" wp-block-navigation-item wp-block-navigation-link\"><a class=\"wp-block-navigation-item__content\"  href=\"https:\/\/lfp.cuni.cz\/en\/students\/study-abroad\/\"><span class=\"wp-block-navigation-item__label\">Study abroad<\/span><\/a><\/li><li class=\" wp-block-navigation-item wp-block-navigation-link\"><a class=\"wp-block-navigation-item__content\"  href=\"https:\/\/lfp.cuni.cz\/en\/students\/student-associations\/\"><span class=\"wp-block-navigation-item__label\">Student associations<\/span><\/a><\/li><\/ul><\/nav>\n\n\n<div style=\"height:0.8rem\" aria-hidden=\"true\" class=\"wp-block-spacer\"><\/div>\n<\/div><\/div>\n\n\n\n<div class=\"wp-block-group top-border dark-blue\"><div class=\"wp-block-group__inner-container is-layout-constrained wp-block-group-is-layout-constrained\">\n<h2 class=\"wp-block-heading\">Student support<\/h2>\n\n\n\n<p><a href=\"https:\/\/lfp.cuni.cz\/en\/students\/student-support\/\" data-type=\"page\" data-id=\"3889\"><strong>Support services<\/strong><\/a> <br><br><a href=\"https:\/\/lfp.cuni.cz\/en\/students\/student-support\/#center-for-teaching-and-learning\"><strong>Teaching and Learning Center<\/strong><\/a><\/p>\n\n\n\n<div class=\"wp-block-file\"><a id=\"wp-block-file--media-e8b2b523-e5bf-474f-be7e-3cd595af2a9b\" href=\"https:\/\/lfp.cuni.cz\/wp-content\/uploads\/2024\/04\/Sluzby-pro-studenty-CESNET-AJ.pdf\"><strong>CESNET Services for students<\/strong><\/a><\/div>\n\n\n\n<div style=\"height:25px\" aria-hidden=\"true\" class=\"wp-block-spacer\"><\/div>\n<\/div><\/div>\n\n\n\n<div class=\"wp-block-group top-border dark-blue\"><div class=\"wp-block-group__inner-container is-layout-constrained wp-block-group-is-layout-constrained\">\n<h2 class=\"wp-block-heading\">Medical Care<\/h2>\n\n\n\n<p>In case of need for <strong>urgent<\/strong> medical treatment by a general practitioner, students can visit general practitioners at the University Hospital (in both Bory and Lochot\u00edn). Please note that this service is ment for urgent cases only.<br><br>To make an appointment, please contact the doctor via e-mail. When you have the appointment, before entering doctor\u2019s office, please <strong>register<\/strong> your personal data to the internal system of hospital \u2013 in the <strong>register office<\/strong>.<\/p>\n\n\n\n<figure class=\"wp-block-table is-style-stripes\"><table class=\"has-fixed-layout\"><tbody><tr><td>&nbsp;<\/td><td><strong>MUDr. Marek Bara\u0148\u00e1k<\/strong><\/td><td><strong>MUDr. Zuzana Havl\u00ed\u010dkov\u00e1<\/strong><\/td><td><strong>MUDr. Kate\u0159ina Fichtlov\u00e1<\/strong><\/td><\/tr><tr><td><strong>address<\/strong><\/td><td>Bory, Edvarda Bene\u0161e 1128\/13, building nr. 65, basement<\/td><td>Lochot\u00edn, alej Svobody 80, entrance C<\/td><td>Lochot\u00edn, alej Svobody 80, entrance C<\/td><\/tr><tr><td><strong>e-mail<\/strong><\/td><td>baranakm@fnplzen.cz<\/td><td>havlickovaz@fnplzen.cz<\/td><td>fichtlovak@fnplzen.cz<\/td><\/tr><tr><td><strong>phone<\/strong><\/td><td>+420 377 401 541<\/td><td>+420&nbsp;377&nbsp;104&nbsp;155 +420&nbsp;377&nbsp;104&nbsp;156 (nurse)<\/td><td>+420&nbsp;377&nbsp;104&nbsp;155 +420&nbsp;377&nbsp;104&nbsp;156 (nurse)<\/td><\/tr><tr><td><strong>register office<\/strong><\/td><td>building 22 (reception)<\/td><td>entrance C (reception)<\/td><td>entrance C (reception)<\/td><\/tr><\/tbody><\/table><\/figure>\n\n\n\n<p>Charles University offers its students <a href=\"https:\/\/cuni.cz\/UKEN-1621.html\">additional healthcare options &gt;<\/a><\/p>\n\n\n\n<div style=\"height:35px\" aria-hidden=\"true\" class=\"wp-block-spacer\"><\/div>\n<\/div><\/div>\n\n\n\n<div style=\"height:39px\" aria-hidden=\"true\" class=\"wp-block-spacer\"><\/div>\n\n\n\n<div class=\"wp-block-group top-border dark-blue condensed-more\"><div class=\"wp-block-group__inner-container is-layout-constrained wp-block-group-is-layout-constrained\">\n<h2 class=\"wp-block-heading\">Fees <\/h2>\n\n\n\n<div class=\"wp-block-group accordion margin-bottom-104\"><div class=\"wp-block-group__inner-container is-layout-constrained wp-block-group-is-layout-constrained\">\n<article class=\"wp-block-group\"><div class=\"wp-block-group__inner-container is-layout-constrained wp-block-group-is-layout-constrained\">\n<h3 class=\"wp-block-heading\">The annual tuition fee<\/h3>\n\n\n\n<div class=\"wp-block-group\"><div class=\"wp-block-group__inner-container is-layout-constrained wp-block-group-is-layout-constrained\">\n<p>Fees for study in a parallel Study Program in English language in the Academic Year 2024\/25 are set as follows:<\/p>\n\n\n\n<figure class=\"wp-block-table\"><table><tbody><tr><td><strong>Beginnig of studies (Ac. year)<\/strong><\/td><td><strong>Tuition fee GM<\/strong><\/td><td><strong>Tuition fee DY<\/strong><\/td><\/tr><tr><td>2021\/2022 (and earlier)<\/td><td>300 000 CZK<\/td><td>340 000 CZK<\/td><\/tr><tr><td>2022\/2023<\/td><td>350 000 CZK<\/td><td>350 000 CZK<\/td><\/tr><tr><td>2023\/2024<\/td><td>370 000 CZK<\/td><td>370 000 CZK<\/td><\/tr><tr><td>2024\/2025 (and later)<\/td><td>390&nbsp;000 CZK<\/td><td>390&nbsp;000 CZK<\/td><\/tr><\/tbody><\/table><\/figure>\n\n\n\n<p>The above stated amount is valid&nbsp;<strong>for students<\/strong>&nbsp;of mentioned study programs&nbsp;<strong>enrolled to the first year of the study in the relevant Academic year.<\/strong><br><br><strong>Fees must be paid via bank transfer to the CZK Faculty bank account.<\/strong><br><br>The University requires from each student that the tuition fee should be paid by the bank transfer and any charges required by the bank for this transfer should be covered from the student\u00b4s side (payers), so that the University will receive the mentioned amount in netto.<br><br>Without any exception all newcomming 1st year students are to pay the tuition fee in a full amount. It is not possible to pay it in instalments.<strong>From the 2<sup>nd<\/sup>&nbsp;year of the study, students can ask for the payment of the tuition fee in two equal instalments<\/strong>.<br><br><strong>Do you have a problem or question? Try to find the answer <a href=\"https:\/\/lfp.cuni.cz\/en\/students\/study-department\/#what-if\">here<\/a>.<\/strong><br><strong><br><\/strong>Please check all bank details and the transferred amount carefully before you proceed the bank transfer. Do not forget to identify the tuition fee payment (<strong>name of student<\/strong>, year of study, date of birth\u2026). Sending the money to the incorrect bank account or using another currency may cause a tuition fee debit because of a different exchange rate and additional high bank transfer fees.<br><br>The tuition fee&nbsp;covers all instruction (lectures, seminars, lab work, clinical training and tutorials); certain necessary texts such as laboratory manuals etc., and entitle students to use all faculty facilities including the library and a modern computer lab.<br><br>If the student leaves their studies during the academic year, they have no right to a refund of the fee, not even of a proportional part.<br><br>The student suspended from their studies in the course of an Academic year will not receive a refund of the fee from the faculty.<br><br>The fee&nbsp;<strong>does not cover<\/strong>&nbsp;accommodation and meals and other living and administrative expenses.<\/p>\n<\/div><\/div>\n<\/div><\/article>\n\n\n\n<article class=\"wp-block-group\"><div class=\"wp-block-group__inner-container is-layout-constrained wp-block-group-is-layout-constrained\">\n<h3 class=\"wp-block-heading\">Fees for administrative documents<\/h3>\n\n\n\n<p>Graduates and students who have had their studies terminated or who terminated them<br>at their own request:<br>drawing up confirmation of studies in a&nbsp;foreign language<br><strong>500,- CZK (including bank fees)<\/strong> <br><br>Transcript \u2013 foreign language<br><strong>3 000,- CZK (including bank fees)<\/strong><\/p>\n<\/div><\/article>\n\n\n\n<article class=\"wp-block-group\"><div class=\"wp-block-group__inner-container is-layout-constrained wp-block-group-is-layout-constrained\">\n<h3 class=\"wp-block-heading\">Faculty bank account<\/h3>\n\n\n\n<p><strong>Receiver<\/strong><br>Univerzita Karlova v&nbsp;Praze, L\u00e9ka\u0159sk\u00e1 fakulta v&nbsp;Plzni<br>Ovocn\u00fd trh 5, 116 36&nbsp; Praha<br><br><strong>Bank address<\/strong><br>Komer\u010dn\u00ed banka a.s.<br>Goethova 1, 301 00 &nbsp;Plze\u0148<br><br><strong>Account number<\/strong>:&nbsp;61633311\/0100<br>IBAN: CZ15 0100 0000 0000 6163 3311<br>SWIFT:&nbsp;KOMBCZPPXXX<\/p>\n<\/div><\/article>\n\n\n\n<p><a href=\"https:\/\/lfp.cuni.cz\/en\/students\/payment-portal\/\" data-type=\"page\" data-id=\"6437\" target=\"_blank\" rel=\"noreferrer noopener\">Payment portal for tuition fee in CZK<\/a><\/p>\n<\/div><\/div>\n<\/div><\/div>\n\n\n\n<div class=\"wp-block-group top-border dark-blue\"><div class=\"wp-block-group__inner-container is-layout-constrained wp-block-group-is-layout-constrained\">\n<h2 class=\"wp-block-heading\">Forms and Documents<\/h2>\n\n\n\n<p>Forms and documents that you need during your studies at the faculty can be found in <strong><a href=\"https:\/\/lfp.cuni.cz\/fakulta\/soubory-ke-stazeni\/#study-department-for-english-study-program\">Downloads<\/a>.<\/strong><\/p>\n\n\n\n<div style=\"height:22px\" aria-hidden=\"true\" class=\"wp-block-spacer\"><\/div>\n<\/div><\/div>\n\n\n\n<div class=\"wp-block-group top-border dark-blue\"><div class=\"wp-block-group__inner-container is-layout-constrained wp-block-group-is-layout-constrained\">\n<h2 class=\"wp-block-heading\">Graduates<\/h2>\n\n\n\n<p>All the information you need to graduate from the faculty can be found <a href=\"https:\/\/lfp.cuni.cz\/en\/students\/graduates\/\" data-type=\"page\" data-id=\"3895\">here<\/a>.<\/p>\n<\/div><\/div>\n\n\n\n<div class=\"wp-block-group top-border dark-blue\"><div class=\"wp-block-group__inner-container is-layout-constrained wp-block-group-is-layout-constrained\">\n<h2 class=\"wp-block-heading\">Student evaluation of teaching<\/h2>\n\n\n\n<div class=\"wp-block-columns margin-top-0 margin-bottom-0 is-layout-flex wp-container-core-columns-is-layout-9d6595d7 wp-block-columns-is-layout-flex\">\n<div class=\"wp-block-column is-layout-flow wp-block-column-is-layout-flow\">\n<p>Student evaluation of teaching (HVS; &#8220;student survey&#8221;) is a fundamental and mandatory method of evaluating the quality of teaching at the Faculty of Medicine in Pilsen; it takes place once a year. Students evaluate individual courses and teachers in SIS:<\/p>\n\n\n\n<ul class=\"wp-block-list\">\n<li>numerically (by giving a grade),<\/li>\n\n\n\n<li>with free comments.<\/li>\n<\/ul>\n\n\n\n<div class=\"wp-block-file\"><a id=\"wp-block-file--media-6a1db5e2-7716-4669-bf46-80bd3217cab8\" href=\"https:\/\/lfp.cuni.cz\/wp-content\/uploads\/2025\/09\/CPV_Infografika_Student_Inquiry.pdf\">CPV_Infografika_Student_Inquiry<\/a><a href=\"https:\/\/lfp.cuni.cz\/wp-content\/uploads\/2025\/09\/CPV_Infografika_Student_Inquiry.pdf\" class=\"wp-block-file__button wp-element-button\" download aria-describedby=\"wp-block-file--media-6a1db5e2-7716-4669-bf46-80bd3217cab8\">St\u00e1hnout<\/a><\/div>\n<\/div>\n\n\n\n<div class=\"wp-block-column is-layout-flow wp-block-column-is-layout-flow\">\n<p>The data obtained is evaluated by a committee consisting of (max.) 9 teachers and 9 students &#8211; statistically and by reading all free comments, their classification, and SWOT analysis. The commission&#8217;s basic output is the HVS Evaluation Report. The general rules of the HVS are governed by the Rules for the Evaluation of Teaching by LFP Students, with details set out in the methodology published with each commission report.<\/p>\n<\/div>\n<\/div>\n<\/div><\/div>\n\n\n\n<div style=\"height:44px\" aria-hidden=\"true\" class=\"wp-block-spacer\"><\/div>\n\n\n\n<p><\/p>\n","protected":false},"excerpt":{"rendered":"<p>What if Whether you have questions about your studies or the admissions process, explore the FAQs on the Study Department page. You will also find contacts for the study officers&#8230;<\/p>\n","protected":false},"author":1,"featured_media":0,"parent":0,"menu_order":51,"comment_status":"closed","ping_status":"closed","template":"","meta":{"_acf_changed":false,"inline_featured_image":false,"footnotes":""},"coauthors":[96,164,112,98,190],"class_list":["post-3826","page","type-page","status-publish","hentry"],"acf":[],"_links":{"self":[{"href":"https:\/\/lfp.cuni.cz\/en\/wp-json\/wp\/v2\/pages\/3826","targetHints":{"allow":["GET"]}}],"collection":[{"href":"https:\/\/lfp.cuni.cz\/en\/wp-json\/wp\/v2\/pages"}],"about":[{"href":"https:\/\/lfp.cuni.cz\/en\/wp-json\/wp\/v2\/types\/page"}],"author":[{"embeddable":true,"href":"https:\/\/lfp.cuni.cz\/en\/wp-json\/wp\/v2\/users\/1"}],"replies":[{"embeddable":true,"href":"https:\/\/lfp.cuni.cz\/en\/wp-json\/wp\/v2\/comments?post=3826"}],"version-history":[{"count":63,"href":"https:\/\/lfp.cuni.cz\/en\/wp-json\/wp\/v2\/pages\/3826\/revisions"}],"predecessor-version":[{"id":22878,"href":"https:\/\/lfp.cuni.cz\/en\/wp-json\/wp\/v2\/pages\/3826\/revisions\/22878"}],"wp:attachment":[{"href":"https:\/\/lfp.cuni.cz\/en\/wp-json\/wp\/v2\/media?parent=3826"}],"wp:term":[{"taxonomy":"author","embeddable":true,"href":"https:\/\/lfp.cuni.cz\/en\/wp-json\/wp\/v2\/coauthors?post=3826"}],"curies":[{"name":"wp","href":"https:\/\/api.w.org\/{rel}","templated":true}]}}