{"id":3895,"date":"2023-10-30T13:35:16","date_gmt":"2023-10-30T12:35:16","guid":{"rendered":"https:\/\/lfp.cuni.cz\/?page_id=3895"},"modified":"2026-02-17T10:45:16","modified_gmt":"2026-02-17T09:45:16","slug":"graduates","status":"publish","type":"page","link":"https:\/\/lfp.cuni.cz\/en\/students\/graduates\/","title":{"rendered":"Graduates"},"content":{"rendered":"\n<figure class=\"wp-block-image size-intro-wide has-bg\"><img decoding=\"async\" width=\"900\" height=\"400\" src=\"https:\/\/lfp.cuni.cz\/wp-content\/uploads\/2024\/01\/0923-900x400.jpg\" alt=\"\" class=\"wp-image-2954\" srcset=\"https:\/\/lfp.cuni.cz\/wp-content\/uploads\/2024\/01\/0923-900x400.jpg 900w, https:\/\/lfp.cuni.cz\/wp-content\/uploads\/2024\/01\/0923-1800x800.jpg 1800w\" sizes=\"(max-width: 900px) 100vw, 900px\" \/><\/figure>\n\n\n\n<div class=\"wp-block-group condensed-more\"><div class=\"wp-block-group__inner-container is-layout-constrained wp-block-group-is-layout-constrained\">\n<p>Congratulations on successful completion of your degree! Before saying your Farewell to the faculty, you would need to pass a few final steps.<\/p>\n<\/div><\/div>\n\n\n\n<div class=\"wp-block-group accordion condensed-more no-padding-side margin-top-96\"><div class=\"wp-block-group__inner-container is-layout-constrained wp-block-group-is-layout-constrained\">\n<div class=\"wp-block-group\"><div class=\"wp-block-group__inner-container is-layout-constrained wp-block-group-is-layout-constrained\">\n<h3 class=\"wp-block-heading\">Closure of the study at Study Department<\/h3>\n\n\n\n<div class=\"wp-block-group\"><div class=\"wp-block-group__inner-container is-layout-constrained wp-block-group-is-layout-constrained\">\n<p>Graduates who successfully passed the last state exam will visit English Study Department office in person in the scope of three days after exam date.<br><strong>Each graduate will bring:<\/strong><br>1. <a href=\"https:\/\/lfp.cuni.cz\/wp-content\/uploads\/2025\/03\/Priloha-c.-3_vystupni-list-absolventa.pdf\" data-type=\"attachment\" data-id=\"6187\">Graduate&#8217;s Clearance Sheet<\/a> (the exit medical examination can be refused)<br>2. ID or passport<br><br>Graduates will receive documents proving the successful completion of their study \u2013 Graduate\u2019s Confirmation, Transcript of Records.<\/p>\n<\/div><\/div>\n<\/div><\/div>\n\n\n\n<div class=\"wp-block-group\"><div class=\"wp-block-group__inner-container is-layout-constrained wp-block-group-is-layout-constrained\">\n<h3 class=\"wp-block-heading\">Overpayment for meals<\/h3>\n\n\n\n<p>We remind our students that the overpayment for meals in a canteen or cafeteria has to be resolved before the study closure. After the study closure the refung of money on the ISIC card is no longer possible.<\/p>\n<\/div><\/div>\n\n\n\n<div class=\"wp-block-group\"><div class=\"wp-block-group__inner-container is-layout-constrained wp-block-group-is-layout-constrained\">\n<h3 class=\"wp-block-heading\">Graduation Ceremony<\/h3>\n\n\n\n<p>The Graduation Ceremony takes place in Aula Magna (Great Hall) of Carolinum in Prague.<br>All graduates can register for the ceremony during their study closure visit at Study Department. The registration must be done exclusively in person. <br>Registered graduate will receive an invitation with a day and time of the ceremony. <br>Graduates are asked to arrive to Carolinum Aula approximately fourty-five minutes before the ceremony to receive all instruction. <br>Guests can enter the Aula about fifteen minutes before the ceremony begins. Number of the guests is not limited, seats are not reserved, photos can be taken only from the spot. <br>The ceremony takes about fourty minutes. <br><br><strong>Graduation Ceremony dates:<\/strong><br><br>In the Academic year 2025\/2026 the Graduation dates are set on <strong>24th July 2026 <\/strong>for General Medicine study program and on <strong>16th September 2026<\/strong> for Dentistry study program.<br><br>Students of General Medicine who do not have time to take the last state exam by June 12, 2026 at the latest, or the capacity of the July ceremony date is already full, will have the opportunity to participate in the graduation on 16th September 2026. Even for these students, it is necessary to visit the Study Department for the closure of study in the scope of three days after completing the last state exam.<br><br>If the student does not want to participate at the Graduation Ceremony, there will be a possibility to collect the diploma individually. <\/p>\n<\/div><\/div>\n\n\n\n<div class=\"wp-block-group\"><div class=\"wp-block-group__inner-container is-layout-constrained wp-block-group-is-layout-constrained\">\n<h3 class=\"wp-block-heading\">Criminal record<\/h3>\n\n\n\n<div class=\"wp-block-group\"><div class=\"wp-block-group__inner-container is-layout-constrained wp-block-group-is-layout-constrained\">\n<p>It confirms that you have not committed any crimes in the Czech Republic.<br>Find out at first if this document is needed in a particular country where you want to work!<br><br>The Criminal Record &nbsp;is normally&nbsp;<strong>valid for 6 months<\/strong>&nbsp;in some special case &#8211; e.g. Recognition of Qualification purposes it is&nbsp;<strong>valid for 3 months<\/strong>&nbsp;only.<br><br><strong>The conditions for issuing the Criminal Record are different for EU and non-EU countries citizens!<\/strong><br><br><strong>EU countries citizens<\/strong><br>100,- CZK fee for issuing<br>passport (ID card)<br>You are not able to get the Record immediatelly. It will last&nbsp;<strong>up to 20 days<\/strong>&nbsp;to get it, because all the Crime Registers in the EU countries are connected. First, you will get the confirmation that you applied for the Criminal Record. Please keep it &#8211; you will need it later! On the confirmation there will be written when the Record will be prepared for you. On this date you will&nbsp; go to any post office (Czech Point) in the Czech Republic, show to the official the above mentioned &nbsp;confirmation and your passport or ID card and the Criminal Record will be given to you.<br><br><strong>Non-EU countries citizens<\/strong><br>100,- CZK fee for issuing<br>passport<br>You will get the Extract immediately or in approx. 1 hour.<br><br><strong>You can apply at any post office and places marked with the label&nbsp;&nbsp;<\/strong>&nbsp;\u201eCzech Point\u201c and as well&nbsp; at&nbsp;<strong>Municipality -&#8220;Matrika&#8221; office<\/strong>&nbsp;or directly at &#8220;<strong>Vrchn\u00ed soud&#8221; (Court of Justice),<\/strong>&nbsp;Gener\u00e1ln\u00ed prokuratura, odd\u011blen\u00ed v\u00fdpisu z rejst\u0159\u00edku trest\u016f (division of the crime registers), Soudn\u00ed street 1, Prague 4&nbsp; &#8211; Mo+We 7:30 a.m. \u2013 5:00 p.m., Tue, Thu, Fri 7:30 a.m. \u2013 2:00 p.m.<br><strong>Please, have the exact amount of 100,-CZK on you!!!<\/strong><\/p>\n<\/div><\/div>\n<\/div><\/div>\n<\/div><\/div>\n\n\n\n<div style=\"height:25px\" aria-hidden=\"true\" class=\"wp-block-spacer\"><\/div>\n\n\n\n<div class=\"wp-block-group\"><div class=\"wp-block-group__inner-container is-layout-constrained wp-block-group-is-layout-constrained\">\n<hr class=\"wp-block-separator has-alpha-channel-opacity\" \/>\n\n\n\n<h2 class=\"wp-block-heading\">When received the diploma<\/h2>\n\n\n\n<div class=\"wp-block-group accordion condensed-more no-padding-side margin-top-96\"><div class=\"wp-block-group__inner-container is-layout-constrained wp-block-group-is-layout-constrained\">\n<div class=\"wp-block-group\"><div class=\"wp-block-group__inner-container is-layout-constrained wp-block-group-is-layout-constrained\">\n<h3 class=\"wp-block-heading\">Step 1<\/h3>\n\n\n\n<p>Note that some countries require the verification on the original, some \u201conly\u201d on the verified copy, some countries may not even need it (EU) \u2013 you need to find out the requirements in a particular country where you want to practice medicine\/dentistry.<br><br>If the original is not required, not to spoil your original Diploma, have the Latin Diploma copied and the copy officially notarised\/verified!!!<br><br>Onto the notarised\/verified copy get the stamps from particular Ministries \u2013 see further:<br><br>Make notary<strong>&nbsp;verified copies&nbsp;<\/strong>of your diploma. You can go to any notary office (not\u00e1\u0159)<br><br>In Prague centre there are plenty of notary offices on N\u00e1rodn\u00ed t\u0159\u00edda, Na P\u0159\u00edkop\u011b, U Pra\u0161n\u00e9 br\u00e1ny, Dlouh\u00e1 street, etc. for the official verification of the copies \u2013 at these places, you should be also able to get the originals copied.<br><br><strong>Some contacts for notaries<\/strong><br><strong>In Prague:<\/strong><br><strong>JUDr. Ilona Reme\u0161ov\u00e1<\/strong>, Jungmannova 31, 11000 Praha 1 &#8211; Nov\u00e9 M\u011bsto<br><a href=\"mailto:nk@nk-remesova.cz\">nk@nk-remesova.cz<\/a>, +420 224 494&nbsp;452<br><strong>JUDr. Petr Hochman<\/strong>, Na P\u0159\u00edkop\u011b 850\/8, 11000 Praha 1 &#8211; Nov\u00e9 M\u011bsto<br><a href=\"http:\/\/www.notar-hochman.cz\/\" target=\"_blank\" rel=\"noreferrer noopener\">http:\/\/www.notar-hochman.cz<\/a>,&nbsp;<a href=\"mailto:phochman.notar@nkcr.cz\">phochman.notar@nkcr.cz<\/a>, +420 255 771&nbsp;557<br><br><strong>In Pilsen:<\/strong><br><strong>JUDr. Marie Ku\u017eelkov\u00e1<\/strong>, Bezru\u010dova 33 (1st building under the theatre), Plze\u0148, +420 377328649<br><strong>Mgr. Anna R\u00f6schov\u00e1<\/strong>, Kamenick\u00e1 1 (under the Sask\u00fd Bridge), Plze\u0148, +420 377329437<\/p>\n<\/div><\/div>\n\n\n\n<div class=\"wp-block-group\"><div class=\"wp-block-group__inner-container is-layout-constrained wp-block-group-is-layout-constrained\">\n<h3 class=\"wp-block-heading\">Step 2<\/h3>\n\n\n\n<p><a href=\"http:\/\/www.msmt.cz\/vzdelavani\/vysoke-skolstvi\/legalizace-overeni-vysokoskolskeho-vzdelani-v-cr-pro?lang=1\"><strong>MINISTRY OF EDUCATIONAL, YOUTH AND SPORTS of the Czech Republic<\/strong><br><\/a>Karmelitsk\u00e1&nbsp; 7, 118 12 Praha 1<br><br><strong>Odbor vysok\u00fdch \u0161kol &#8211; Department of Higher Education (Department no. 30)<br><\/strong>Karmelitsk\u00e1 7, 118 12 Praha 1<br><br><strong>Odd\u011blen\u00ed zahrani\u010dn\u00edch student\u016f &#8211; Division of the foreign students:<br><\/strong>building C, 2nd floor, door No. 202 (legalizace diplom\u016f)<br><strong>Ing. Ji\u0159\u00ed Joh\u00e1nek<\/strong><br><strong>Tel.:&nbsp;<\/strong>234 811 532&nbsp;<strong>E-mail:&nbsp;<\/strong>jiri.johanek@msmt.cz<br><strong>Working hours:&nbsp;<\/strong>Mon, Wed &nbsp;9 a.m. &#8211; 12 p.m. &amp; 1 p.m. \u2013 5 p.m.<br><br><strong>&#8220;legaliza\u010dn\u00ed raz\u00edtko (stamp)&#8221;&nbsp;<\/strong>to original diploma\/Diploma Supplement, notarised\/verified copy of the diploma or the translation of the diploma;&nbsp;<em>for each stamp one\u201c kolek\u201c for 100,- CZK is required (bought at the post office).&nbsp;<\/em>Applicants are obligated to bring a tax stamp&nbsp;value of 100 CZK&nbsp;per every single document.<\/p>\n<\/div><\/div>\n\n\n\n<div class=\"wp-block-group\"><div class=\"wp-block-group__inner-container is-layout-constrained wp-block-group-is-layout-constrained\">\n<h3 class=\"wp-block-heading\">Step 3<\/h3>\n\n\n\n<p><a href=\"http:\/\/www.mzv.cz\/jnp\/cz\/o_ministerstvu\/uredni_deska\/overovani_listin.html\"><strong>MINISTRY OF FOREIGN AFFAIRS of the Czech Republic<\/strong>&nbsp;<\/a><br><strong>Konzul\u00e1rn\u00ed odbor &#8211; Verification of documents &#8211; Consular Department<br><\/strong>p\u0159\u00edzem\u00ed (ground floor) of Tosk\u00e1nsk\u00fd pal\u00e1c &#8211;<strong>&nbsp;Tuscany Palace<\/strong><br>(5 minutes of walk from Czernin Palace, just opposite the main gate of Prague Castle)<br>Seat of the Consular Department etc.<br>Hrad\u010dansk\u00e9 n\u00e1m\u011bst\u00ed&nbsp; 5, Praha , 110 01<br>Legaliza\u010dn\u00ed odd\u011blen\u00ed:&nbsp;<strong>Tel.:&nbsp;<\/strong>224 182 153, 224 182 188&nbsp;<strong>E-mail: &nbsp;<\/strong>legalizace@mzv.cz<br><strong>Working hours:&nbsp;<\/strong>Mon, Wed 8 a.m. &#8211; 12 p.m. &amp; 1.30 p.m. &#8211; 5 p.m.<br><br><strong>&#8220;superlegaliza\u010dn\u00ed raz\u00edtko (stamp)&#8221;:&nbsp;<\/strong>for&nbsp;<em>each stamp one\u201c kolek\u201c for 100,- CZK&nbsp; for a Czech document or 600,- CZK for an international document is required (bought at the post office)<\/em><br>After having all the stamps, get the English translation of your Diploma (it will be attached to the original or the notarised\/verified and stamped copy \u2013 dependent on the country);<br><br><strong>NOTE:&nbsp;<\/strong>If you get the English translation before obtaining the stamps (that are in Czech only), you will have to get the stamps translated separately on top, therefore will pay twice, need more time, etc.<br><br><strong>NOTE II:&nbsp;<\/strong>Only five documents could will be issued on the spot. With more than five documents you will be given a certain date for picking up.<\/p>\n<\/div><\/div>\n\n\n\n<div class=\"wp-block-group\"><div class=\"wp-block-group__inner-container is-layout-constrained wp-block-group-is-layout-constrained\">\n<h3 class=\"wp-block-heading\">Translation of the diploma<\/h3>\n\n\n\n<div class=\"wp-block-group\"><div class=\"wp-block-group__inner-container is-layout-constrained wp-block-group-is-layout-constrained\">\n<p><br><strong>PRAGUE<\/strong><br><strong><a href=\"https:\/\/www.preklady-textu.cz\/\">P\u0159eklady textu s.r.o.<\/a>, Senov\u00e1\u017en\u00e9 n\u00e1m\u011bst\u00ed 23 (4th floor), 110 00 Prague 1<\/strong><br>Contact: +420 774 404 897, info@preklady-textu.cz<\/p>\n\n\n\n<ul class=\"wp-block-list\">\n<li>Translations of diplomas and certificates<\/li>\n\n\n\n<li>Apostille and\u00a0super-legalisation<\/li>\n<\/ul>\n\n\n\n<p><br><strong>PILSEN<\/strong><br><strong><a href=\"https:\/\/www.foreigners.cz\/\">FOREIGNERS SERVICES<\/a> &#8211;\u00a0Pra\u017esk\u00e1 79\/5, 301 00 Pilsen<\/strong><br>Contact:\u00a0Kate\u0159ina Sad\u00edlkov\u00e1, <a href=\"mailto:pilsen@foreigners.cz\" target=\"_blank\" rel=\"noreferrer noopener\">pilsen@foreigners.cz<\/a>\u00a0, +420 377\u00a0477 137<\/p>\n\n\n\n<ul class=\"wp-block-list\">\n<li>Diploma and supplement apostillisation and translation<\/li>\n\n\n\n<li>processing of an Italian diploma (<em>dichiarazione di valore<\/em>)<\/li>\n\n\n\n<li>Certificate of non-membership in Czech Medical\/Dental Chamber<\/li>\n\n\n\n<li>Certificate of performing medical care abroad (following the 2005\/36\/EC directive) incl. apostillisation and translation<\/li>\n\n\n\n<li>Diploma picking up (based on power of attorney)<\/li>\n<\/ul>\n<\/div><\/div>\n<\/div><\/div>\n\n\n\n<div class=\"wp-block-group\"><div class=\"wp-block-group__inner-container is-layout-constrained wp-block-group-is-layout-constrained\">\n<h3 class=\"wp-block-heading\">Certificate of non-membership of the Czech Medical Chamber (Czech Dental Chamber)<\/h3>\n\n\n\n<div class=\"wp-block-group\"><div class=\"wp-block-group__inner-container is-layout-constrained wp-block-group-is-layout-constrained\">\n<p>The Certificate of non-membership is an equivalent to the Certificate of good standing provided to the graduates of the faculty of medicine when seeking a job abroad.<br><br>This request is completed by the applicant \/ medical graduate who studied in the Czech Republic, but has never been a member of the CMC and thus has never practiced in the treatment and preventive care in the Czech Republic. Certificate of non-membership, which is on the basis of this request is issued, serves as the equivalent of a certificate of professional clean record of a doctor &#8211; a member of the CMC (Certificate of good standing).<br><br>To obtain the certificate of non-membership, it is needed to provide a copy of diploma and pay the administrative fee of&nbsp; 1000,- CZK (GM), resp. 600,- CZK (DY).<br><br>Form of request for such a certificate are attached to this article<\/p>\n\n\n\n<div class=\"wp-block-columns is-layout-flex wp-container-core-columns-is-layout-9d6595d7 wp-block-columns-is-layout-flex\">\n<div class=\"wp-block-column is-layout-flow wp-block-column-is-layout-flow\">\n<p><strong>CZECH MEDICAL CHAMBER<\/strong><\/p>\n\n\n\n<p>\u010cLK \u2013 \u010cesk\u00e1 l\u00e9ka\u0159sk\u00e1 komora<br>L\u00e9ka\u0159sk\u00e1 2\/291<br>150 00 Praha 5&nbsp;&nbsp;&nbsp;&nbsp;&nbsp;&nbsp;&nbsp;&nbsp;&nbsp;<br>Zahrani\u010dn\u00ed odd\u011blen\u00ed, contact person: Ivana Va\u0161kov\u00e1<br>email: foreign@clkcr.cz , tel.: +420&nbsp;234&nbsp;760 702&nbsp; &nbsp;<\/p>\n\n\n\n<div class=\"wp-block-buttons is-layout-flex wp-block-buttons-is-layout-flex\">\n<div class=\"wp-block-button\"><a class=\"wp-block-button__link wp-element-button\" href=\"https:\/\/lfp.cuni.cz\/wp-content\/uploads\/2024\/02\/CMC_Certificate-of-non-membership-application_00.pdf\">Application<\/a><\/div>\n<\/div>\n<\/div>\n\n\n\n<div class=\"wp-block-column is-layout-flow wp-block-column-is-layout-flow\">\n<p><strong>CZECH DENTAL CHAMBER<\/strong><\/p>\n\n\n\n<p>Iveta Haiserov\u00e1<br>Executive Assistant of President of the Czech Dental Chamber<br>Slavojova 22, 128 00 &nbsp;Prague 2, Czech Republic<br>tel.: +420 234 709 610<br>mob.: +420 606 784 332<br><a href=\"http:\/\/www.dent.cz\/\">http:\/\/www.dent.cz<\/a><\/p>\n\n\n\n<div class=\"wp-block-buttons is-layout-flex wp-block-buttons-is-layout-flex\">\n<div class=\"wp-block-button\"><a class=\"wp-block-button__link wp-element-button\" href=\"https:\/\/lfp.cuni.cz\/wp-content\/uploads\/2024\/02\/Czech-Dental-Chamber-Non-membership_Application-form-1.docx\">Application<\/a><\/div>\n<\/div>\n<\/div>\n<\/div>\n<\/div><\/div>\n<\/div><\/div>\n<\/div><\/div>\n<\/div><\/div>\n\n\n\n<div class=\"wp-block-group top-border dark-blue condensed-more margin-top-96\"><div class=\"wp-block-group__inner-container is-layout-constrained wp-block-group-is-layout-constrained\">\n<h2 class=\"wp-block-heading\">Further study<\/h2>\n\n\n\n<p>Earn a PhD in <a href=\"https:\/\/lfp.cuni.cz\/en\/students\/doctoral-study\/\" data-type=\"page\" data-id=\"4004\">Doctoral Study<\/a><\/p>\n<\/div><\/div>\n\n\n\n<div class=\"wp-block-group info yellow margin-bottom-80\"><div class=\"wp-block-group__inner-container is-layout-constrained wp-block-group-is-layout-constrained\">\n<h3 class=\"wp-block-heading\">Do you have any question?<\/h3>\n\n\n\n<p>Contact the <a href=\"https:\/\/lfp.cuni.cz\/en\/students\/study-department\/\" data-type=\"page\" data-id=\"3812\">Study department<\/a>.<\/p>\n<\/div><\/div>\n","protected":false},"excerpt":{"rendered":"<p>Congratulations on successful completion of your degree! Before saying your Farewell to the faculty, you would need to pass a few final steps. Closure of the study at Study Department&#8230;<\/p>\n","protected":false},"author":1,"featured_media":0,"parent":3826,"menu_order":63,"comment_status":"closed","ping_status":"closed","template":"","meta":{"_acf_changed":false,"inline_featured_image":false,"footnotes":""},"coauthors":[96,112,164,172,190],"class_list":["post-3895","page","type-page","status-publish","hentry"],"acf":[],"_links":{"self":[{"href":"https:\/\/lfp.cuni.cz\/en\/wp-json\/wp\/v2\/pages\/3895","targetHints":{"allow":["GET"]}}],"collection":[{"href":"https:\/\/lfp.cuni.cz\/en\/wp-json\/wp\/v2\/pages"}],"about":[{"href":"https:\/\/lfp.cuni.cz\/en\/wp-json\/wp\/v2\/types\/page"}],"author":[{"embeddable":true,"href":"https:\/\/lfp.cuni.cz\/en\/wp-json\/wp\/v2\/users\/1"}],"replies":[{"embeddable":true,"href":"https:\/\/lfp.cuni.cz\/en\/wp-json\/wp\/v2\/comments?post=3895"}],"version-history":[{"count":23,"href":"https:\/\/lfp.cuni.cz\/en\/wp-json\/wp\/v2\/pages\/3895\/revisions"}],"predecessor-version":[{"id":23573,"href":"https:\/\/lfp.cuni.cz\/en\/wp-json\/wp\/v2\/pages\/3895\/revisions\/23573"}],"up":[{"embeddable":true,"href":"https:\/\/lfp.cuni.cz\/en\/wp-json\/wp\/v2\/pages\/3826"}],"wp:attachment":[{"href":"https:\/\/lfp.cuni.cz\/en\/wp-json\/wp\/v2\/media?parent=3895"}],"wp:term":[{"taxonomy":"author","embeddable":true,"href":"https:\/\/lfp.cuni.cz\/en\/wp-json\/wp\/v2\/coauthors?post=3895"}],"curies":[{"name":"wp","href":"https:\/\/api.w.org\/{rel}","templated":true}]}}