{"id":4000,"date":"2024-01-20T18:42:57","date_gmt":"2024-01-20T17:42:57","guid":{"rendered":"https:\/\/lfp.cuni.cz\/?page_id=4000"},"modified":"2024-02-28T08:13:47","modified_gmt":"2024-02-28T07:13:47","slug":"sppc","status":"publish","type":"page","link":"https:\/\/lfp.cuni.cz\/en\/students\/sppc\/","title":{"rendered":"Studentsk\u00e1 pedagogick\u00e1 a publicitn\u00ed \u010dinnost"},"content":{"rendered":"\n<div class=\"wp-block-group intro sub video has-background\" style=\"background-color:#003657\"><div class=\"wp-block-group__inner-container is-layout-constrained wp-block-group-is-layout-constrained\">\n<div class=\"wp-block-columns is-layout-flex wp-container-core-columns-is-layout-9d6595d7 wp-block-columns-is-layout-flex\">\n<div class=\"wp-block-column is-layout-flow wp-block-column-is-layout-flow\">\n<p><\/p>\n\n\n\n<h1 class=\"wp-block-heading\">Help with teaching and promotion and get a range of benefits<\/h1>\n<\/div>\n\n\n\n<div class=\"wp-block-column is-layout-flow wp-block-column-is-layout-flow\"><\/div>\n<\/div>\n<\/div><\/div>\n\n\n\n<div style=\"height:100px\" aria-hidden=\"true\" class=\"wp-block-spacer\"><\/div>\n\n\n    <section class=\"block block-content-image-covered-by-text vlevo\" >\n        <div class=\"container condensed\">\n            <div class=\"wrap\">\n                                    <div class=\"content\"><p>Take advantage of the opportunity to earn credits, sixth grade points and a cash reward. As part of the SPPC elective, you&#8217;ll be involved in creating teaching materials, assisting with face-to-face teaching, making audio\/video recordings of conferences, subtitling videos, or completing your own projects.<\/p>\n<\/div>\n                                                    <div class=\"picture\">\n                        <img decoding=\"async\" width=\"2260\" height=\"1056\" src=\"https:\/\/lfp.cuni.cz\/wp-content\/uploads\/2024\/01\/studentsky-demonstrator_sppc_4-2260x1056.jpg\" class=\"attachment-info-large_2x size-info-large_2x\" alt=\"studentsk\u00fd demonstr\u00e1tor_spp\u010d_4\" srcset=\"https:\/\/lfp.cuni.cz\/wp-content\/uploads\/2024\/01\/studentsky-demonstrator_sppc_4-2260x1056.jpg 2260w, https:\/\/lfp.cuni.cz\/wp-content\/uploads\/2024\/01\/studentsky-demonstrator_sppc_4-1130x528.jpg 1130w\" sizes=\"(max-width: 2260px) 100vw, 2260px\" \/>                    <\/div>\n                            <\/div>\n        <\/div>\n    <\/section>\n\n\n\n<div style=\"height:100px\" aria-hidden=\"true\" class=\"wp-block-spacer\"><\/div>\n\n\n\n<div class=\"wp-block-group\"><div class=\"wp-block-group__inner-container is-layout-constrained wp-block-group-is-layout-constrained\">\n<h2 class=\"wp-block-heading\">We will teach you everything<\/h2>\n\n\n\n<p>The e-learning team will teach you how to use the necessary technologies, introduce you to the processes, lend you the necessary equipment and assist you to complete the course successfully.<\/p>\n<\/div><\/div>\n\n\n\n<div class=\"wp-block-group accordion condensed-more margin-top-80\"><div class=\"wp-block-group__inner-container is-layout-constrained wp-block-group-is-layout-constrained\">\n<h2 class=\"wp-block-heading\">What can you get? <\/h2>\n\n\n\n<p><strong>a) credits<\/strong><br>You will receive 3 credits for successfully completing the SPP\u010c course in one semester. For both semesters you will receive 6 credits.<br><br><strong>b) a financial reward<\/strong><br>Each activity is additionally financially rewarded.<br><br><strong>c) advantage for the sixth year<\/strong><br>Students in Waves 4 to 6 can gain a sixth year credit each year in the SPCP.<br>Further conditions are explained in the relevant <a href=\"https:\/\/lfp.cuni.cz\/wp-content\/uploads\/2024\/01\/od2023-07-staze-studentu.pdf\">dean&#8217;s policy<\/a>.<\/p>\n\n\n\n<h2 class=\"wp-block-heading\">Conditions for fulfilling the object<\/h2>\n\n\n\n<p>In order to meet the credit requirement, a minimum score is required each semester, which the student will become familiar with at the beginning of each semester. The score is derived from clearly demonstrable outcomes of the student&#8217;s activities and is calculated according to a transparent methodology. Further information for the award will be communicated at the induction meeting at the beginning of each semester.<\/p>\n<\/div><\/div>\n\n\n\n<div style=\"height:18px\" aria-hidden=\"true\" class=\"wp-block-spacer\"><\/div>\n\n\n\n<div class=\"wp-block-group\"><div class=\"wp-block-group__inner-container is-layout-constrained wp-block-group-is-layout-constrained\">\n<div class=\"wp-block-buttons is-layout-flex wp-block-buttons-is-layout-flex\">\n<div class=\"wp-block-button\"><a class=\"wp-block-button__link wp-element-button\" href=\"https:\/\/is.cuni.cz\/studium\/predmety\/index.php?id=852cd496b73fa7244b054aaf3f68847d&amp;tid=&amp;do=predmet&amp;kod=EVP54001\">Enrolment<\/a><\/div>\n<\/div>\n<\/div><\/div>\n\n\n    <section class=\"block block-quote\" >\n        <div class=\"container condensed\">                           \n                                <\/div>\n    <\/section>\n\n\n\n<div class=\"wp-block-group info yellow margin-bottom-80\"><div class=\"wp-block-group__inner-container is-layout-constrained wp-block-group-is-layout-constrained\">\n<h3 class=\"wp-block-heading\">Do you need more information on the subject of the SPPC?<\/h3>\n\n\n\n<p>Contact the e-learning team at <a href=\"mailto:sppc@lfp.cuni.cz\">sppc@lfp.cuni.cz<\/a>.<\/p>\n<\/div><\/div>\n","protected":false},"excerpt":{"rendered":"<p>Help with teaching and promotion and get a range of benefits We will teach you everything The e-learning team will teach you how to use the necessary technologies, introduce you&#8230;<\/p>\n","protected":false},"author":5,"featured_media":0,"parent":3826,"menu_order":53,"comment_status":"closed","ping_status":"closed","template":"","meta":{"_acf_changed":false,"inline_featured_image":false,"footnotes":""},"coauthors":[98],"class_list":["post-4000","page","type-page","status-publish","hentry"],"acf":[],"_links":{"self":[{"href":"https:\/\/lfp.cuni.cz\/en\/wp-json\/wp\/v2\/pages\/4000","targetHints":{"allow":["GET"]}}],"collection":[{"href":"https:\/\/lfp.cuni.cz\/en\/wp-json\/wp\/v2\/pages"}],"about":[{"href":"https:\/\/lfp.cuni.cz\/en\/wp-json\/wp\/v2\/types\/page"}],"author":[{"embeddable":true,"href":"https:\/\/lfp.cuni.cz\/en\/wp-json\/wp\/v2\/users\/5"}],"replies":[{"embeddable":true,"href":"https:\/\/lfp.cuni.cz\/en\/wp-json\/wp\/v2\/comments?post=4000"}],"version-history":[{"count":3,"href":"https:\/\/lfp.cuni.cz\/en\/wp-json\/wp\/v2\/pages\/4000\/revisions"}],"predecessor-version":[{"id":4003,"href":"https:\/\/lfp.cuni.cz\/en\/wp-json\/wp\/v2\/pages\/4000\/revisions\/4003"}],"up":[{"embeddable":true,"href":"https:\/\/lfp.cuni.cz\/en\/wp-json\/wp\/v2\/pages\/3826"}],"wp:attachment":[{"href":"https:\/\/lfp.cuni.cz\/en\/wp-json\/wp\/v2\/media?parent=4000"}],"wp:term":[{"taxonomy":"author","embeddable":true,"href":"https:\/\/lfp.cuni.cz\/en\/wp-json\/wp\/v2\/coauthors?post=4000"}],"curies":[{"name":"wp","href":"https:\/\/api.w.org\/{rel}","templated":true}]}}