{"id":4087,"date":"2023-10-23T14:04:09","date_gmt":"2023-10-23T12:04:09","guid":{"rendered":"https:\/\/lfp.cuni.cz\/?page_id=4087"},"modified":"2026-03-04T10:28:05","modified_gmt":"2026-03-04T09:28:05","slug":"faculty-bodies","status":"publish","type":"page","link":"https:\/\/lfp.cuni.cz\/en\/about-faculty\/faculty-bodies\/","title":{"rendered":"Faculty bodies"},"content":{"rendered":"\n<div class=\"wp-block-group top-border dark-blue\"><div class=\"wp-block-group__inner-container is-layout-constrained wp-block-group-is-layout-constrained\">\n<h2 class=\"wp-block-heading\">Dean&#8217;s College<\/h2>\n\n\n    <section class=\"block block-people\" >\n        <div class=\"people-listing\">\n            <div id=\"ajax-load-more\" class=\"ajax-load-more-wrap default\" data-id=\"people\" data-alm-id=\"\" data-canonical-url=\"https:\/\/lfp.cuni.cz\/en\/about-faculty\/faculty-bodies\/\" data-slug=\"faculty-bodies\" data-post-id=\"4087\"  data-localized=\"ajax_load_more_people_vars\" data-alm-object=\"ajax_load_more_people\"><div aria-live=\"polite\" aria-atomic=\"true\" class=\"alm-listing alm-ajax\" data-acf=\"true\" data-acf-field-type=\"repeater\" data-acf-field-name=\"lide\" data-acf-post-id=\"block_e9649d470cf1056e9284ec041cc830c8\" data-preloaded=\"true\" data-preloaded-amount=\"20\" data-container-type=\"div\" data-loading-style=\"default\" data-theme-repeater=\"person.php\" data-post-type=\"post\" data-order=\"DESC\" data-orderby=\"date\" data-offset=\"0\" data-posts-per-page=\"20\" data-lang=\"en\" data-scroll=\"false\" data-button-label=\"Show more\" data-button-done-label=\"All people loaded\" data-prev-button-label=\"Load Previous\"><article class=\"people\">\n            <div class=\"picture\">\n            <img decoding=\"async\" width=\"440\" height=\"440\" src=\"https:\/\/lfp.cuni.cz\/wp-content\/uploads\/2023\/10\/lfp-uk-lide-profesor-stengl-440x440.jpg\" class=\"attachment-people size-people\" alt=\"lfp-uk-lide-profesor-stengl\" srcset=\"https:\/\/lfp.cuni.cz\/wp-content\/uploads\/2023\/10\/lfp-uk-lide-profesor-stengl-440x440.jpg 440w, https:\/\/lfp.cuni.cz\/wp-content\/uploads\/2023\/10\/lfp-uk-lide-profesor-stengl-880x880.jpg 880w, https:\/\/lfp.cuni.cz\/wp-content\/uploads\/2023\/10\/lfp-uk-lide-profesor-stengl-220x220.jpg 220w\" sizes=\"(max-width: 440px) 100vw, 440px\" \/>        <\/div>\n        <h3>prof. MUDr. Milan \u0160tengl, Ph.D.<\/h3>            <div class=\"description\">\n            <p>Dean<\/p>\n        <\/div>\n                <a class=\"icon arrow-right\" href=\"https:\/\/is.cuni.cz\/webapps\/id\/1369922470286660\/\" ><\/a>\n    <\/article><article class=\"people\">\n            <div class=\"picture\">\n            <img decoding=\"async\" width=\"440\" height=\"440\" src=\"https:\/\/lfp.cuni.cz\/wp-content\/uploads\/2026\/02\/TS1_low-440x440.jpg\" class=\"attachment-people size-people\" alt=\"TS1_low\" srcset=\"https:\/\/lfp.cuni.cz\/wp-content\/uploads\/2026\/02\/TS1_low-440x440.jpg 440w, https:\/\/lfp.cuni.cz\/wp-content\/uploads\/2026\/02\/TS1_low-900x900.jpg 900w, https:\/\/lfp.cuni.cz\/wp-content\/uploads\/2026\/02\/TS1_low-1400x1400.jpg 1400w, https:\/\/lfp.cuni.cz\/wp-content\/uploads\/2026\/02\/TS1_low-150x150.jpg 150w, https:\/\/lfp.cuni.cz\/wp-content\/uploads\/2026\/02\/TS1_low-880x880.jpg 880w, https:\/\/lfp.cuni.cz\/wp-content\/uploads\/2026\/02\/TS1_low-220x220.jpg 220w, https:\/\/lfp.cuni.cz\/wp-content\/uploads\/2026\/02\/TS1_low.jpg 1500w\" sizes=\"(max-width: 440px) 100vw, 440px\" \/>        <\/div>\n        <h3>doc. MUDr. Tom\u00e1\u0161 Skalick\u00fd, Ph.D.<\/h3>            <div class=\"description\">\n            <p>chairman of the academic senate<\/p>\n        <\/div>\n                <a class=\"icon arrow-right\" href=\"https:\/\/is.cuni.cz\/webapps\/id\/1525681542928762\/\" ><\/a>\n    <\/article><\/div><div class=\"alm-btn-wrap\" data-rel=\"ajax-load-more\"><button class=\"alm-load-more-btn \" type=\"button\">Show more<\/button><\/div><\/div>        <\/div>\n    <\/section>\n<\/div><\/div>\n\n\n\n<div class=\"wp-block-group\"><div class=\"wp-block-group__inner-container is-layout-constrained wp-block-group-is-layout-constrained\">\n<hr class=\"wp-block-separator has-alpha-channel-opacity is-style-wide\"\/>\n\n\n\n<h2 class=\"wp-block-heading\">Research Board<\/h2>\n\n\n\n<p>A self-governing academic body with competence mainly in the field of scientific, research and other creative activities of the faculty. It approves the study programs to be carried out at the faculty, exercises authority in the habilitation procedure and in the procedure for the appointment of a professor to the extent established by law, and discusses the long-term plan of the faculty. The Research Board is chaired by the Dean. The composition of the Research Board is approved by the Academic Senate for a term of office of four years. The <a href=\"https:\/\/is.cuni.cz\/webapps\/whois2\/org\/1226721735331586\/?lang=cs\">current members<\/a> were elected on February 24, 2022.<\/p>\n<\/div><\/div>\n\n\n\n<div class=\"wp-block-group top-border dark-blue no-padding-side\"><div class=\"wp-block-group__inner-container is-layout-constrained wp-block-group-is-layout-constrained\">\n<h2 class=\"wp-block-heading\">Academic Senate<\/h2>\n\n\n\n<p>The Academic Senate is an important self-governing body of the faculty, which participates in the management of its operation. It makes key decisions regarding teaching plans, strategic plans of the faculty, management of the faculty and aspects of changes to its internal legislation.<\/p>\n\n\n\n<div class=\"wp-block-group accordion\"><div class=\"wp-block-group__inner-container is-layout-constrained wp-block-group-is-layout-constrained\">\n<article class=\"wp-block-group\"><div class=\"wp-block-group__inner-container is-layout-constrained wp-block-group-is-layout-constrained\">\n<h3 class=\"wp-block-heading\">How are the elections going?<\/h3>\n\n\n\n<p>He is elected, elected by members of the academic community, which are employees of the Faculty of Medicine (academics) and students. This academic community elects 16 academics and 8 students to the senate every three years. The term of office of the current senate ends in 2025. The elections have separate academic and student parts.<\/p>\n<\/div><\/article>\n\n\n\n<article class=\"wp-block-group\"><div class=\"wp-block-group__inner-container is-layout-constrained wp-block-group-is-layout-constrained\">\n<h3 class=\"wp-block-heading\">What senators do?<\/h3>\n\n\n\n<p>Elected senators are ambassadors of all academics and students, there is mutual communication and, on the part of the senate, subsequent solutions and processing of problems, wishes and needs of the academic community. The Senate forms an open platform for discussion. It meets face-to-face at least five times during the academic year, however, there are issues that it resolves dynamically in an online environment.<\/p>\n<\/div><\/article>\n\n\n\n<article class=\"wp-block-group\"><div class=\"wp-block-group__inner-container is-layout-constrained wp-block-group-is-layout-constrained\">\n<h3 class=\"wp-block-heading\">International student representative<\/h3>\n\n\n\n<p>International students are represented in the Academic Senate by Marios Kaloutsis. His role is to delegate academic matters between academic staff and students and to communicate any concerns, comments and important information. Through this representative, international students have voting rights at meetings on matters that concern them.<br><br><strong>Contact:<br><\/strong><a href=\"mailto:kaloutsm@lfp.cuni.cz\" target=\"_blank\" rel=\"noreferrer noopener\">kaloutsm@lfp.cuni.cz<\/a> | <a href=\"mailto:marios.kaloutsis@yahoo.com\" target=\"_blank\" rel=\"noreferrer noopener\">marios.kaloutsis@yahoo.com<\/a><\/p>\n<\/div><\/article>\n<\/div><\/div>\n\n\n\n<div class=\"wp-block-group\"><div class=\"wp-block-group__inner-container is-layout-constrained wp-block-group-is-layout-constrained\">    <section class=\"block block-content-image-covered-by-text vlevo\" >\n        <div class=\"container condensed\">\n            <div class=\"wrap\">\n                                    <div class=\"content\"><h3>Contact your senators<\/h3>\n<p>The Student Chamber of the Academic Senate is here for all students who have questions or suggestions regarding the operation of the faculty. On Instagram SKAS_lfp_uk we publish important study information and summaries from Academic Senate meetings.<\/p>\n<\/div>\n                                                    <div class=\"picture\">\n                        <img decoding=\"async\" width=\"2048\" height=\"1056\" src=\"https:\/\/lfp.cuni.cz\/wp-content\/uploads\/2024\/01\/420058243_1496312507595406_1189172877823577946_n-2048x1056.jpg\" class=\"attachment-info-large_2x size-info-large_2x\" alt=\"420058243_1496312507595406_1189172877823577946_n\" \/>                    <\/div>\n                            <\/div>\n        <\/div>\n    <\/section>\n\n\n\n<div style=\"height:2rem\" aria-hidden=\"true\" class=\"wp-block-spacer\"><\/div>\n<\/div><\/div>\n<\/div><\/div>\n","protected":false},"excerpt":{"rendered":"<p>Dean&#8217;s College Research Board A self-governing academic body with competence mainly in the field of scientific, research and other creative activities of the faculty. It approves the study programs to&#8230;<\/p>\n","protected":false},"author":1,"featured_media":0,"parent":5661,"menu_order":90,"comment_status":"closed","ping_status":"closed","template":"","meta":{"_acf_changed":false,"inline_featured_image":false,"footnotes":""},"coauthors":[96,168],"class_list":["post-4087","page","type-page","status-publish","hentry"],"acf":[],"_links":{"self":[{"href":"https:\/\/lfp.cuni.cz\/en\/wp-json\/wp\/v2\/pages\/4087","targetHints":{"allow":["GET"]}}],"collection":[{"href":"https:\/\/lfp.cuni.cz\/en\/wp-json\/wp\/v2\/pages"}],"about":[{"href":"https:\/\/lfp.cuni.cz\/en\/wp-json\/wp\/v2\/types\/page"}],"author":[{"embeddable":true,"href":"https:\/\/lfp.cuni.cz\/en\/wp-json\/wp\/v2\/users\/1"}],"replies":[{"embeddable":true,"href":"https:\/\/lfp.cuni.cz\/en\/wp-json\/wp\/v2\/comments?post=4087"}],"version-history":[{"count":8,"href":"https:\/\/lfp.cuni.cz\/en\/wp-json\/wp\/v2\/pages\/4087\/revisions"}],"predecessor-version":[{"id":23820,"href":"https:\/\/lfp.cuni.cz\/en\/wp-json\/wp\/v2\/pages\/4087\/revisions\/23820"}],"up":[{"embeddable":true,"href":"https:\/\/lfp.cuni.cz\/en\/wp-json\/wp\/v2\/pages\/5661"}],"wp:attachment":[{"href":"https:\/\/lfp.cuni.cz\/en\/wp-json\/wp\/v2\/media?parent=4087"}],"wp:term":[{"taxonomy":"author","embeddable":true,"href":"https:\/\/lfp.cuni.cz\/en\/wp-json\/wp\/v2\/coauthors?post=4087"}],"curies":[{"name":"wp","href":"https:\/\/api.w.org\/{rel}","templated":true}]}}