{"id":5521,"date":"2024-02-08T11:40:12","date_gmt":"2024-02-08T10:40:12","guid":{"rendered":"https:\/\/lfp.cuni.cz\/?page_id=5521"},"modified":"2024-05-20T13:57:24","modified_gmt":"2024-05-20T11:57:24","slug":"chemistry-biochemistry","status":"publish","type":"page","link":"https:\/\/lfp.cuni.cz\/en\/chemistry-biochemistry\/","title":{"rendered":"Department of Medical Chemistry and Biochemistry"},"content":{"rendered":"\n<div class=\"wp-block-group intro wide has-background\" style=\"background-color:#003657\"><div class=\"wp-block-group__inner-container is-layout-constrained wp-block-group-is-layout-constrained\">\n<h1 class=\"wp-block-heading\">Department of <strong>Medical Chemistry and Biochemistry<\/strong><\/h1>\n\n\n\n<p><strong>The Department of Chemistry and Biochemistry is located in Building U1 of the LFP UK campus at 76 alej Svobody.<\/strong><\/p>\n\n\n\n<figure class=\"wp-block-image size-intro-large\"><img decoding=\"async\" width=\"940\" height=\"520\" src=\"https:\/\/lfp.cuni.cz\/wp-content\/uploads\/2024\/02\/shutterstock_1908072397-940x520.jpg\" alt=\"\" class=\"wp-image-5507\" srcset=\"https:\/\/lfp.cuni.cz\/wp-content\/uploads\/2024\/02\/shutterstock_1908072397-940x520.jpg 940w, https:\/\/lfp.cuni.cz\/wp-content\/uploads\/2024\/02\/shutterstock_1908072397-1880x1040.jpg 1880w\" sizes=\"(max-width: 940px) 100vw, 940px\" \/><\/figure>\n<\/div><\/div>\n\n\n\n\n\n<div style=\"height:4rem\" aria-hidden=\"true\" class=\"wp-block-spacer\"><\/div>\n\n\n\n<div class=\"wp-block-group\"><div class=\"wp-block-group__inner-container is-layout-constrained wp-block-group-is-layout-constrained\">\n<hr class=\"wp-block-separator has-alpha-channel-opacity\"\/>\n\n\n\n<h2 class=\"wp-block-heading\">Teaching schedule<\/h2>\n\n\n\n<div class=\"wp-block-group accordion condensed-more margin-top-80\"><div class=\"wp-block-group__inner-container is-layout-constrained wp-block-group-is-layout-constrained\">\n<div class=\"wp-block-group\"><div class=\"wp-block-group__inner-container is-layout-constrained wp-block-group-is-layout-constrained\">\n<h3 class=\"wp-block-heading\">General Medicine<\/h3>\n\n\n\n<div class=\"wp-block-group\"><div class=\"wp-block-group__inner-container is-layout-constrained wp-block-group-is-layout-constrained\">\n<p><strong>Medical Chemistry and Biochemistry I &#8211; 1<sup>st<\/sup>&nbsp;year SS<\/strong><\/p>\n\n\n\n<div class=\"wp-block-file\"><a id=\"wp-block-file--media-b63d3161-197e-4eaf-a863-7bb16bad6f7b\" href=\"https:\/\/lfp.cuni.cz\/wp-content\/uploads\/2024\/05\/SA_1vs_23_24_ls.pdf\" target=\"_blank\" rel=\"noreferrer noopener\">practicals<\/a><\/div>\n\n\n\n<div class=\"wp-block-file\"><a id=\"wp-block-file--media-f3c644cc-a9e8-48ec-88c5-1288423d2fad\" href=\"https:\/\/lfp.cuni.cz\/wp-content\/uploads\/2024\/05\/PA_1vs_23_24_ls.pdf\" target=\"_blank\" rel=\"noreferrer noopener\">lectures<\/a><\/div>\n\n\n\n<p><br><strong>Medical Chemistry and Biochemistry II &#8211; 2<sup>nd<\/sup>&nbsp;year WS<\/strong><\/p>\n\n\n\n<div class=\"wp-block-file\"><a id=\"wp-block-file--media-b8990e92-5c1d-41a4-bea5-4ad41442c569\" href=\"https:\/\/lfp.cuni.cz\/wp-content\/uploads\/2024\/02\/practicals.pdf\">practicals<\/a><\/div>\n\n\n\n<div class=\"wp-block-file\"><a id=\"wp-block-file--media-5efe96b7-a973-41bb-928a-494298b4ca80\" href=\"https:\/\/lfp.cuni.cz\/wp-content\/uploads\/2024\/02\/lectures-1.pdf\">lectures<\/a><\/div>\n\n\n\n<div class=\"wp-block-file\"><a id=\"wp-block-file--media-ba800fcd-87eb-412c-a5a0-dae4b29fd9ad\" href=\"https:\/\/lfp.cuni.cz\/wp-content\/uploads\/2024\/05\/MChB_detailed.pdf\" target=\"_blank\" rel=\"noreferrer noopener\">sylabus of lectures<\/a><\/div>\n<\/div><\/div>\n<\/div><\/div>\n\n\n\n<div class=\"wp-block-group\"><div class=\"wp-block-group__inner-container is-layout-constrained wp-block-group-is-layout-constrained\">\n<h3 class=\"wp-block-heading\">Dentistry<\/h3>\n\n\n\n<div class=\"wp-block-group\"><div class=\"wp-block-group__inner-container is-layout-constrained wp-block-group-is-layout-constrained\">\n<p><strong>Chemistry and Biochemistry &#8211; 1<sup>st<\/sup>&nbsp;year WS<\/strong><\/p>\n\n\n\n<div class=\"wp-block-file\"><a id=\"wp-block-file--media-e2f54762-70c5-4008-b087-f8dde88b7368\" href=\"https:\/\/lfp.cuni.cz\/wp-content\/uploads\/2024\/02\/Dentistry-lecutres.pdf\">Dentistry-lecutres<\/a><\/div>\n\n\n\n<div class=\"wp-block-file\"><a id=\"wp-block-file--media-4ea6b230-1bea-4a1d-b7db-3ed8fbc6d228\" href=\"https:\/\/lfp.cuni.cz\/wp-content\/uploads\/2024\/02\/Dentistry-practicals.pdf\">Dentistry-practicals<\/a><\/div>\n\n\n\n<p><strong>Chemistry and Biochemistry &#8211; 1<sup>st<\/sup>&nbsp;year SS<\/strong><\/p>\n\n\n\n<div class=\"wp-block-file\"><a id=\"wp-block-file--media-01b2156b-0fd9-4850-8b28-809153e92249\" href=\"https:\/\/lfp.cuni.cz\/wp-content\/uploads\/2024\/05\/SA_1zub_23_24_ls.pdf\" target=\"_blank\" rel=\"noreferrer noopener\">practicals<\/a><\/div>\n\n\n\n<div class=\"wp-block-file\"><a id=\"wp-block-file--media-6be40448-8172-4042-98a4-8fae3b9cf377\" href=\"https:\/\/lfp.cuni.cz\/wp-content\/uploads\/2024\/05\/PA_1zub_23_24_ls.pdf\" target=\"_blank\" rel=\"noreferrer noopener\">lectures<\/a><\/div>\n<\/div><\/div>\n<\/div><\/div>\n<\/div><\/div>\n<\/div><\/div>\n\n\n\n<div class=\"wp-block-group\"><div class=\"wp-block-group__inner-container is-layout-constrained wp-block-group-is-layout-constrained\">\n<hr class=\"wp-block-separator has-alpha-channel-opacity\"\/>\n\n\n\n<h2 class=\"wp-block-heading\">Exam results<\/h2>\n\n\n\n<div class=\"wp-block-columns margin-top-48 margin-bottom-32 is-layout-flex wp-container-core-columns-is-layout-9d6595d7 wp-block-columns-is-layout-flex\">\n<div class=\"wp-block-column is-layout-flow wp-block-column-is-layout-flow\">\n<p><strong>Medical Chemistry and Biochemistry II<\/strong><\/p>\n\n\n\n<figure class=\"wp-block-image size-full\"><img decoding=\"async\" width=\"370\" height=\"271\" src=\"https:\/\/lfp.cuni.cz\/wp-content\/uploads\/2024\/05\/Snimek-obrazovky-2024-05-20-135547.jpg\" alt=\"\" class=\"wp-image-11618\"\/><\/figure>\n<\/div>\n\n\n\n<div class=\"wp-block-column is-layout-flow wp-block-column-is-layout-flow\">\n<p><strong>Chemistry and Biochemistry<\/strong><\/p>\n\n\n\n<figure class=\"wp-block-image size-full\"><img decoding=\"async\" width=\"370\" height=\"273\" src=\"https:\/\/lfp.cuni.cz\/wp-content\/uploads\/2024\/05\/Snimek-obrazovky-2024-05-20-135655.jpg\" alt=\"\" class=\"wp-image-11620\"\/><\/figure>\n<\/div>\n<\/div>\n<\/div><\/div>\n\n\n\n<div class=\"wp-block-group\"><div class=\"wp-block-group__inner-container is-layout-constrained wp-block-group-is-layout-constrained\">\n<hr class=\"wp-block-separator has-alpha-channel-opacity\"\/>\n\n\n\n<h2 class=\"wp-block-heading\">Educational materials<\/h2>\n\n\n\n<div class=\"wp-block-group accordion condensed-more margin-top-80\"><div class=\"wp-block-group__inner-container is-layout-constrained wp-block-group-is-layout-constrained\">\n<div class=\"wp-block-group\"><div class=\"wp-block-group__inner-container is-layout-constrained wp-block-group-is-layout-constrained\">\n<h3 class=\"wp-block-heading\">1st year &#8211; General Medicine &#8211; SS 2023\/2024<\/h3>\n\n\n\n<div class=\"wp-block-group\"><div class=\"wp-block-group__inner-container is-layout-constrained wp-block-group-is-layout-constrained\">\n<div class=\"wp-block-file\"><a id=\"wp-block-file--media-b814cf60-1b9d-49f5-9050-4c5eceb5b1cd\" href=\"https:\/\/lfp.cuni.cz\/wp-content\/uploads\/2024\/02\/Workbook_MCHaB_I_SS.pdf\">WORKBOOK: Laboratory Exercises (SS)<\/a><\/div>\n\n\n\n<div class=\"wp-block-file\"><a id=\"wp-block-file--media-efc3ad1a-c961-444e-9414-44fba15103d8\" href=\"https:\/\/lfp.cuni.cz\/wp-content\/uploads\/2024\/02\/Theory_MCHaB_I_SS.pdf\">THEORY: Theory of laboratory exercises (SS)<\/a><\/div>\n<\/div><\/div>\n<\/div><\/div>\n\n\n\n<div class=\"wp-block-group\"><div class=\"wp-block-group__inner-container is-layout-constrained wp-block-group-is-layout-constrained\">\n<h3 class=\"wp-block-heading\">2nd year &#8211; General Medicine &#8211; WS 2023\/2024<\/h3>\n\n\n\n<div class=\"wp-block-group\"><div class=\"wp-block-group__inner-container is-layout-constrained wp-block-group-is-layout-constrained\">\n<div class=\"wp-block-file\"><a id=\"wp-block-file--media-d3c5ae1b-d170-4d31-8573-51ddd7a8ffd5\" href=\"https:\/\/lfp.cuni.cz\/wp-content\/uploads\/2024\/02\/Theory_MCHaB_II_WS.pdf\">WORKBOOK: Laboratory Exercises (WS)<\/a><\/div>\n\n\n\n<div class=\"wp-block-file\"><a id=\"wp-block-file--media-17cacd40-021b-4240-a2b6-67b141a588c0\" href=\"https:\/\/lfp.cuni.cz\/wp-content\/uploads\/2024\/02\/Theory_MCHaB_II_WS.pdf\">THEORY: Theory of laboratory exercises (WS)<\/a><\/div>\n<\/div><\/div>\n<\/div><\/div>\n\n\n\n<div class=\"wp-block-group\"><div class=\"wp-block-group__inner-container is-layout-constrained wp-block-group-is-layout-constrained\">\n<h3 class=\"wp-block-heading\">1 year &#8211; Dentistry &#8211; WS 2023\/2024<\/h3>\n\n\n\n<div class=\"wp-block-group\"><div class=\"wp-block-group__inner-container is-layout-constrained wp-block-group-is-layout-constrained\">\n<div class=\"wp-block-file\"><a id=\"wp-block-file--media-5f68ced8-2ad0-4f1c-bfd5-574e70ee645b\" href=\"https:\/\/lfp.cuni.cz\/wp-content\/uploads\/2024\/02\/D_Workbook_ChB_WS-1.pdf\">WORKBOOK: Laboratory Exercises (WS)<\/a><\/div>\n\n\n\n<div class=\"wp-block-file\"><a id=\"wp-block-file--media-9df53d32-5dbe-4ced-b762-4ccdad14da09\" href=\"https:\/\/lfp.cuni.cz\/wp-content\/uploads\/2024\/05\/Theory_ChB_WS.pdf\" target=\"_blank\" rel=\"noreferrer noopener\">THEORY: Theory of laboratory exercises (WS)<\/a><\/div>\n<\/div><\/div>\n\n\n\n<h3 class=\"wp-block-heading\">1 year &#8211; Dentistry &#8211; SS 2023\/2024<\/h3>\n\n\n\n<div class=\"wp-block-group\"><div class=\"wp-block-group__inner-container is-layout-constrained wp-block-group-is-layout-constrained\">\n<div class=\"wp-block-file\"><a id=\"wp-block-file--media-89e7f7cc-3151-46b9-ac13-159281321a7e\" href=\"https:\/\/lfp.cuni.cz\/wp-content\/uploads\/2024\/05\/D2_Workbook_ChB_SS.pdf\" target=\"_blank\" rel=\"noreferrer noopener\">WORKBOOK: Laboratory Exercises (SS)<\/a><\/div>\n\n\n\n<div class=\"wp-block-file\"><a id=\"wp-block-file--media-57631f9b-da5e-4e5d-ab53-6c85b4869399\" href=\"https:\/\/lfp.cuni.cz\/wp-content\/uploads\/2024\/05\/Theory_ChB_SS.pdf\" target=\"_blank\" rel=\"noreferrer noopener\">THEORY: Theory of laboratory exercises (SS)<\/a><\/div>\n<\/div><\/div>\n<\/div><\/div>\n<\/div><\/div>\n<\/div><\/div>\n\n\n\n<div class=\"wp-block-group\"><div class=\"wp-block-group__inner-container is-layout-constrained wp-block-group-is-layout-constrained\">\n<hr class=\"wp-block-separator has-alpha-channel-opacity\"\/>\n\n\n\n<h2 class=\"wp-block-heading\">Exam question<\/h2>\n\n\n\n<div class=\"wp-block-group accordion condensed-more margin-top-80\"><div class=\"wp-block-group__inner-container is-layout-constrained wp-block-group-is-layout-constrained\">\n<div class=\"wp-block-group\"><div class=\"wp-block-group__inner-container is-layout-constrained wp-block-group-is-layout-constrained\">\n<h3 class=\"wp-block-heading\">General medicine<\/h3>\n\n\n\n<div class=\"wp-block-file\"><a id=\"wp-block-file--media-1c53ddef-6fb6-45f6-83d3-6dae6a9178c4\" href=\"https:\/\/lfp.cuni.cz\/wp-content\/uploads\/2024\/02\/2023EN_GM_ExamQuestions.pdf\">Final Exam Questions (2. year)<\/a><\/div>\n<\/div><\/div>\n\n\n\n<div class=\"wp-block-group\"><div class=\"wp-block-group__inner-container is-layout-constrained wp-block-group-is-layout-constrained\">\n<h3 class=\"wp-block-heading\">Dentistry<\/h3>\n\n\n\n<div class=\"wp-block-file\"><a id=\"wp-block-file--media-81e65984-62f9-42d2-9007-07f419503140\" href=\"https:\/\/lfp.cuni.cz\/wp-content\/uploads\/2024\/02\/2023EN_DENT_ExamQuestions.pdf\">Chemistry and Biochemistry<\/a><\/div>\n<\/div><\/div>\n<\/div><\/div>\n<\/div><\/div>\n\n\n\n<div class=\"wp-block-group dashed-bg margin-top-104 margin-bottom-104\"><div class=\"wp-block-group__inner-container is-layout-constrained wp-block-group-is-layout-constrained\">\n<div class=\"wp-block-buttons is-content-justification-center is-layout-flex wp-container-core-buttons-is-layout-16018d1d wp-block-buttons-is-layout-flex\">\n<div class=\"wp-block-button\"><a class=\"wp-block-button__link wp-element-button\" href=\"https:\/\/is.cuni.cz\/webapps\/whois2\/org\/1511362254793221\/?lang=cs\">Department Staff<\/a><\/div>\n<\/div>\n\n\n\n<p class=\"has-text-align-center margin-top-8\">You can contact us: <br>tel: 377 593 280<br>chemie@lfp.cuni.cz<\/p>\n<\/div><\/div>\n\n\n\n<div style=\"height:42px\" aria-hidden=\"true\" class=\"wp-block-spacer\"><\/div>\n","protected":false},"excerpt":{"rendered":"<p>Department of Medical Chemistry and Biochemistry The Department of Chemistry and Biochemistry is located in Building U1 of the LFP UK campus at 76 alej Svobody. Aktu\u00e1ln\u011b Byla aktualizov\u00e1na sekce&#8230;<\/p>\n","protected":false},"author":5,"featured_media":0,"parent":0,"menu_order":142,"comment_status":"closed","ping_status":"closed","template":"","meta":{"_acf_changed":false,"inline_featured_image":false,"footnotes":""},"coauthors":[98],"class_list":["post-5521","page","type-page","status-publish","hentry"],"acf":[],"_links":{"self":[{"href":"https:\/\/lfp.cuni.cz\/en\/wp-json\/wp\/v2\/pages\/5521","targetHints":{"allow":["GET"]}}],"collection":[{"href":"https:\/\/lfp.cuni.cz\/en\/wp-json\/wp\/v2\/pages"}],"about":[{"href":"https:\/\/lfp.cuni.cz\/en\/wp-json\/wp\/v2\/types\/page"}],"author":[{"embeddable":true,"href":"https:\/\/lfp.cuni.cz\/en\/wp-json\/wp\/v2\/users\/5"}],"replies":[{"embeddable":true,"href":"https:\/\/lfp.cuni.cz\/en\/wp-json\/wp\/v2\/comments?post=5521"}],"version-history":[{"count":5,"href":"https:\/\/lfp.cuni.cz\/en\/wp-json\/wp\/v2\/pages\/5521\/revisions"}],"predecessor-version":[{"id":11622,"href":"https:\/\/lfp.cuni.cz\/en\/wp-json\/wp\/v2\/pages\/5521\/revisions\/11622"}],"wp:attachment":[{"href":"https:\/\/lfp.cuni.cz\/en\/wp-json\/wp\/v2\/media?parent=5521"}],"wp:term":[{"taxonomy":"author","embeddable":true,"href":"https:\/\/lfp.cuni.cz\/en\/wp-json\/wp\/v2\/coauthors?post=5521"}],"curies":[{"name":"wp","href":"https:\/\/api.w.org\/{rel}","templated":true}]}}