{"id":5869,"date":"2024-02-08T15:58:19","date_gmt":"2024-02-08T14:58:19","guid":{"rendered":"https:\/\/lfp.cuni.cz\/?page_id=5869"},"modified":"2024-08-27T13:30:37","modified_gmt":"2024-08-27T11:30:37","slug":"biology","status":"publish","type":"page","link":"https:\/\/lfp.cuni.cz\/en\/biology\/","title":{"rendered":"Department of biology"},"content":{"rendered":"\n<div class=\"wp-block-group intro wide has-background\" style=\"background-color:#003657\"><div class=\"wp-block-group__inner-container is-layout-constrained wp-block-group-is-layout-constrained\">\n<h1 class=\"wp-block-heading\">Department of biology<\/h1>\n\n\n\n<figure class=\"wp-block-image size-intro-large\"><img decoding=\"async\" width=\"940\" height=\"520\" src=\"https:\/\/lfp.cuni.cz\/wp-content\/uploads\/2024\/02\/shutterstock_1908072397-940x520.jpg\" alt=\"\" class=\"wp-image-5507\" srcset=\"https:\/\/lfp.cuni.cz\/wp-content\/uploads\/2024\/02\/shutterstock_1908072397-940x520.jpg 940w, https:\/\/lfp.cuni.cz\/wp-content\/uploads\/2024\/02\/shutterstock_1908072397-1880x1040.jpg 1880w\" sizes=\"(max-width: 940px) 100vw, 940px\" \/><\/figure>\n<\/div><\/div>\n\n\n\n\n\n<div class=\"wp-block-group\"><div class=\"wp-block-group__inner-container is-layout-constrained wp-block-group-is-layout-constrained\">\n<hr class=\"wp-block-separator has-alpha-channel-opacity\"\/>\n\n\n\n<h2 class=\"wp-block-heading\">Consultation hours<\/h2>\n\n\n\n<figure class=\"wp-block-table\"><table><tbody><tr><td>Doc. Pe\u0161ta<\/td><td>Thu 14:00 &#8211; 15:30<\/td><\/tr><tr><td>Doc. Hatina<\/td><td>as agreed<\/td><\/tr><tr><td>Doc. Ludv\u00edkov\u00e1<\/td><td>Mon 11:00 &#8211; 12:00<\/td><\/tr><tr><td>PharmDr. \u010cern\u00e1<\/td><td>as agreed<\/td><\/tr><tr><td>RNDr. Houdek<\/td><td>Mon 10:00 &#8211; 11:00<br>or as agreed<\/td><\/tr><tr><td>RNDr. Ku\u010derov\u00e1<\/td><td>Thu 07:30 &#8211; 08:30<\/td><\/tr><tr><td>RNDr. Ing. Kripnerov\u00e1<\/td><td>as agreed<\/td><\/tr><tr><td>Doc. Dvo\u0159\u00e1k<\/td><td>as agreed<\/td><\/tr><tr><td>RNDr. Houfkov\u00e1<\/td><td>as agreed<\/td><\/tr><tr><td>PharmDr. V\u00edtovcov\u00e1<\/td><td>as agreed<\/td><\/tr><tr><td>Hud\u00e1k<\/td><td>as agreed<\/td><\/tr><tr><td>RNDr. Hajdu\u0161kov\u00e1<\/td><td>as agreed<\/td><\/tr><\/tbody><\/table><figcaption class=\"wp-element-caption\"><br><strong><strong>Consultations can also be arranged via e-mail or ZOOM<\/strong><\/strong><\/figcaption><\/figure>\n\n\n\n<div style=\"height:33px\" aria-hidden=\"true\" class=\"wp-block-spacer\"><\/div>\n<\/div><\/div>\n\n\n\n<div class=\"wp-block-group\"><div class=\"wp-block-group__inner-container is-layout-constrained wp-block-group-is-layout-constrained\">\n<hr class=\"wp-block-separator has-alpha-channel-opacity\"\/>\n\n\n\n<h2 class=\"wp-block-heading\">Teaching<\/h2>\n\n\n\n<div class=\"wp-block-group accordion condensed-more margin-top-80\"><div class=\"wp-block-group__inner-container is-layout-constrained wp-block-group-is-layout-constrained\">\n<div class=\"wp-block-group\"><div class=\"wp-block-group__inner-container is-layout-constrained wp-block-group-is-layout-constrained\">\n<h3 class=\"wp-block-heading\">Links<\/h3>\n\n\n\n<div class=\"wp-block-group\"><div class=\"wp-block-group__inner-container is-layout-constrained wp-block-group-is-layout-constrained\">\n<p><strong>AJ_Link to English Lectures:<\/strong><\/p>\n\n\n\n<p><a href=\"https:\/\/lms.lfp.cuni.cz\/course\/view.php?id=56\">https:\/\/lms.lfp.cuni.cz\/course\/view.php?id=56<\/a><\/p>\n\n\n\n<p><a href=\"https:\/\/lms.lfp.cuni.cz\/course\/view.php?id=201\">https:\/\/lms.lfp.cuni.cz\/course\/view.php?id=201<\/a><\/p>\n\n\n\n<p><strong>Other teaching materials:<\/strong><\/p>\n\n\n\n<p><a href=\"https:\/\/mefanet.lfp.cuni.cz\">https:\/\/mefanet.lfp.cuni.cz<\/a><\/p>\n\n\n\n<p><a href=\"https:\/\/lms.lfp.cuni.cz\">https:\/\/lms.lfp.cuni.cz<\/a><\/p>\n\n\n\n<p><strong>Glossary of genetic terms in AJ:<\/strong><\/p>\n\n\n\n<p><a href=\"https:\/\/www.genome.gov\/Glossary\">https:\/\/www.genome.gov\/Glossary<\/a><\/p>\n<\/div><\/div>\n<\/div><\/div>\n\n\n\n<div class=\"wp-block-group\"><div class=\"wp-block-group__inner-container is-layout-constrained wp-block-group-is-layout-constrained\">\n<h3 class=\"wp-block-heading\">Animation<\/h3>\n\n\n\n<div class=\"wp-block-group\"><div class=\"wp-block-group__inner-container is-layout-constrained wp-block-group-is-layout-constrained\">\n<p><strong>Virtual Cell Animation Collection<\/strong><\/p>\n\n\n\n<p><a href=\"https:\/\/vcell.ndsu.edu\/animations\">https:\/\/vcell.ndsu.edu\/animations<\/a><\/p>\n\n\n\n<p><strong>Mit\u00f3za<\/strong><\/p>\n\n\n\n<p><a href=\"https:\/\/www.sumanasinc.com\/webcontent\/animations\/content\/mitosis.html\">https:\/\/www.sumanasinc.com\/webcontent\/animations\/content\/mitosis.html<\/a><\/p>\n\n\n\n<p><strong>Mei\u00f3za<\/strong><\/p>\n\n\n\n<p><a href=\"https:\/\/www.sumanasinc.com\/webcontent\/animations\/content\/meiosis.html\">https:\/\/www.sumanasinc.com\/webcontent\/animations\/content\/meiosis.html<\/a><\/p>\n\n\n\n<p><strong>Replication even with questions:<\/strong><\/p>\n\n\n\n<p><a href=\"https:\/\/www.wiley.com\/college\/pratt\/0471393878\/student\/animations\/dna_replication\/index.html\">https:\/\/www.wiley.com\/college\/pratt\/0471393878\/student\/animations\/dna_replication\/index.html<\/a><\/p>\n\n\n\n<p><strong>Simulation in population genetics:<\/strong><\/p>\n\n\n\n<p><a href=\"https:\/\/darwin.eeb.uconn.edu\/simulations\/simulations.html\">https:\/\/darwin.eeb.uconn.edu\/simulations\/simulations.html<\/a><\/p>\n<\/div><\/div>\n<\/div><\/div>\n<\/div><\/div>\n<\/div><\/div>\n\n\n\n<div class=\"wp-block-group\"><div class=\"wp-block-group__inner-container is-layout-constrained wp-block-group-is-layout-constrained\">\n<hr class=\"wp-block-separator has-alpha-channel-opacity\"\/>\n\n\n\n<h2 class=\"wp-block-heading\">Syllaby lectures and exam topics &#8211; General Medicine<\/h2>\n\n\n\n<div class=\"wp-block-group accordion condensed-more margin-top-80\"><div class=\"wp-block-group__inner-container is-layout-constrained wp-block-group-is-layout-constrained\">\n<div class=\"wp-block-group\"><div class=\"wp-block-group__inner-container is-layout-constrained wp-block-group-is-layout-constrained\">\n<h3 class=\"wp-block-heading\">Syllaby<\/h3>\n\n\n\n<div class=\"wp-block-group\"><div class=\"wp-block-group__inner-container is-layout-constrained wp-block-group-is-layout-constrained\">\n<div class=\"wp-block-file\"><a id=\"wp-block-file--media-b5702b0b-e2fd-4abf-a13b-4fa4452baf21\" href=\"https:\/\/lfp.cuni.cz\/wp-content\/uploads\/2024\/04\/SYLLAB_general-lectures_2023-24-WS.doc\">SYLLAB_general-lectures_2023-24-WS<\/a><\/div>\n\n\n\n<div class=\"wp-block-file\"><a id=\"wp-block-file--media-3c42e0f4-f15f-419c-8bb6-24126e2b57d2\" href=\"https:\/\/lfp.cuni.cz\/wp-content\/uploads\/2024\/04\/SYLLAB_general-lectures_SS_2024-1.doc\">SYLLAB_general-lectures_SS_2024-1<\/a><\/div>\n<\/div><\/div>\n\n\n\n<h3 class=\"wp-block-heading\">Exam topics<\/h3>\n\n\n\n<div class=\"wp-block-group\"><div class=\"wp-block-group__inner-container is-layout-constrained wp-block-group-is-layout-constrained\">\n<div class=\"wp-block-file\"><a id=\"wp-block-file--media-ac9c9993-48b4-40e5-acc5-7816919a8ba6\" href=\"https:\/\/lfp.cuni.cz\/wp-content\/uploads\/2024\/04\/Exam-topics-in-Medical-Biology-and-Genetics-2023-2024.doc.docx\">Exam-topics-in-Medical-Biology-and-Genetics-2023-2024.doc<\/a><a href=\"https:\/\/lfp.cuni.cz\/wp-content\/uploads\/2024\/04\/Exam-topics-in-Medical-Biology-and-Genetics-2023-2024.doc.docx\" class=\"wp-block-file__button wp-element-button\" download aria-describedby=\"wp-block-file--media-ac9c9993-48b4-40e5-acc5-7816919a8ba6\">St\u00e1hnout<\/a><\/div>\n<\/div><\/div>\n<\/div><\/div>\n<\/div><\/div>\n<\/div><\/div>\n\n\n\n<div class=\"wp-block-group\"><div class=\"wp-block-group__inner-container is-layout-constrained wp-block-group-is-layout-constrained\">\n<hr class=\"wp-block-separator has-alpha-channel-opacity\"\/>\n\n\n\n<h2 class=\"wp-block-heading\">Syllaby lectures and exam topics &#8211; Dentistry<\/h2>\n\n\n\n<div class=\"wp-block-group accordion condensed-more margin-top-80\"><div class=\"wp-block-group__inner-container is-layout-constrained wp-block-group-is-layout-constrained\">\n<div class=\"wp-block-group\"><div class=\"wp-block-group__inner-container is-layout-constrained wp-block-group-is-layout-constrained\">\n<h3 class=\"wp-block-heading\">Syllaby<\/h3>\n\n\n\n<div class=\"wp-block-group\"><div class=\"wp-block-group__inner-container is-layout-constrained wp-block-group-is-layout-constrained\">\n<div class=\"wp-block-file\"><a id=\"wp-block-file--media-15d80030-ebca-4679-8b77-0da86ff2405b\" href=\"https:\/\/lfp.cuni.cz\/wp-content\/uploads\/2024\/04\/SYLLAB-GEN-dentistry-2023-24-WS.doc\">SYLLAB-GEN-dentistry-2023-24-WS<\/a><a href=\"https:\/\/lfp.cuni.cz\/wp-content\/uploads\/2024\/04\/SYLLAB-GEN-dentistry-2023-24-WS.doc\" class=\"wp-block-file__button wp-element-button\" download aria-describedby=\"wp-block-file--media-15d80030-ebca-4679-8b77-0da86ff2405b\">St\u00e1hnout<\/a><\/div>\n\n\n\n<div class=\"wp-block-file\"><a id=\"wp-block-file--media-e16f645e-ef49-4461-8690-3da771ec5b37\" href=\"https:\/\/lfp.cuni.cz\/wp-content\/uploads\/2024\/04\/SYLLAB-BIO-dentistry-2023-24-SS-1.doc\">SYLLAB-BIO-dentistry-2023-24-SS-1<\/a><a href=\"https:\/\/lfp.cuni.cz\/wp-content\/uploads\/2024\/04\/SYLLAB-BIO-dentistry-2023-24-SS-1.doc\" class=\"wp-block-file__button wp-element-button\" download aria-describedby=\"wp-block-file--media-e16f645e-ef49-4461-8690-3da771ec5b37\">St\u00e1hnout<\/a><\/div>\n\n\n\n<p><a href=\"https:\/\/cuni-cz.zoom.us\/j\/7424904236\">Zoom Meeting<\/a><br>Meeting ID: 742 490 4236<\/p>\n<\/div><\/div>\n\n\n\n<h3 class=\"wp-block-heading\">Exam topics<\/h3>\n\n\n\n<div class=\"wp-block-group\"><div class=\"wp-block-group__inner-container is-layout-constrained wp-block-group-is-layout-constrained\">\n<div class=\"wp-block-file\"><a id=\"wp-block-file--media-25b16a01-63ae-48ac-8475-06753bd566f6\" href=\"https:\/\/lfp.cuni.cz\/wp-content\/uploads\/2024\/04\/Biology-and-genetics-exam-topics-dentistry-2023-2024.doc\">Biology-and-genetics-exam-topics-dentistry-2023-2024<\/a><a href=\"https:\/\/lfp.cuni.cz\/wp-content\/uploads\/2024\/04\/Biology-and-genetics-exam-topics-dentistry-2023-2024.doc\" class=\"wp-block-file__button wp-element-button\" download aria-describedby=\"wp-block-file--media-25b16a01-63ae-48ac-8475-06753bd566f6\">St\u00e1hnout<\/a><\/div>\n<\/div><\/div>\n<\/div><\/div>\n<\/div><\/div>\n<\/div><\/div>\n\n\n\n<div style=\"height:42px\" aria-hidden=\"true\" class=\"wp-block-spacer\"><\/div>\n","protected":false},"excerpt":{"rendered":"<p>Department of biology Aktu\u00e1ln\u011b Byla aktualizov\u00e1na sekce s rozvrhem v\u00fduky pro ak. rok 2023\/2024. Consultation hours Doc. Pe\u0161ta Thu 14:00 &#8211; 15:30 Doc. Hatina as agreed Doc. Ludv\u00edkov\u00e1 Mon 11:00&#8230;<\/p>\n","protected":false},"author":5,"featured_media":0,"parent":0,"menu_order":136,"comment_status":"closed","ping_status":"closed","template":"","meta":{"_acf_changed":false,"inline_featured_image":false,"footnotes":""},"coauthors":[98,185],"class_list":["post-5869","page","type-page","status-publish","hentry"],"acf":[],"_links":{"self":[{"href":"https:\/\/lfp.cuni.cz\/en\/wp-json\/wp\/v2\/pages\/5869","targetHints":{"allow":["GET"]}}],"collection":[{"href":"https:\/\/lfp.cuni.cz\/en\/wp-json\/wp\/v2\/pages"}],"about":[{"href":"https:\/\/lfp.cuni.cz\/en\/wp-json\/wp\/v2\/types\/page"}],"author":[{"embeddable":true,"href":"https:\/\/lfp.cuni.cz\/en\/wp-json\/wp\/v2\/users\/5"}],"replies":[{"embeddable":true,"href":"https:\/\/lfp.cuni.cz\/en\/wp-json\/wp\/v2\/comments?post=5869"}],"version-history":[{"count":4,"href":"https:\/\/lfp.cuni.cz\/en\/wp-json\/wp\/v2\/pages\/5869\/revisions"}],"predecessor-version":[{"id":12995,"href":"https:\/\/lfp.cuni.cz\/en\/wp-json\/wp\/v2\/pages\/5869\/revisions\/12995"}],"wp:attachment":[{"href":"https:\/\/lfp.cuni.cz\/en\/wp-json\/wp\/v2\/media?parent=5869"}],"wp:term":[{"taxonomy":"author","embeddable":true,"href":"https:\/\/lfp.cuni.cz\/en\/wp-json\/wp\/v2\/coauthors?post=5869"}],"curies":[{"name":"wp","href":"https:\/\/api.w.org\/{rel}","templated":true}]}}