{"id":6516,"date":"2023-10-23T14:06:20","date_gmt":"2023-10-23T12:06:20","guid":{"rendered":"https:\/\/lfp.cuni.cz\/?page_id=6516"},"modified":"2025-07-08T14:57:26","modified_gmt":"2025-07-08T12:57:26","slug":"contacts","status":"publish","type":"page","link":"https:\/\/lfp.cuni.cz\/en\/about-faculty\/contacts\/","title":{"rendered":"Contacts"},"content":{"rendered":"\n<div class=\"wp-block-group has-background\" style=\"background-color:#f9f9f9\"><div class=\"wp-block-group__inner-container is-layout-constrained wp-block-group-is-layout-constrained\">\n<h3 class=\"wp-block-heading margin-top-0 margin-bottom-8 has-medium-font-size\"><strong><a href=\"tel:+420377593110\">+420 377 593 110<\/a><\/strong><br><a href=\"mailto:info@lfp.cuni.cz\"><strong>info@lfp.cuni.cz<\/strong><\/a><\/h3>\n\n\n\n<div class=\"wp-block-buttons margin-top-48 is-layout-flex wp-block-buttons-is-layout-flex\">\n<div class=\"wp-block-button is-style-outline external is-style-outline--1\"><a class=\"wp-block-button__link wp-element-button\" href=\"https:\/\/is.cuni.cz\/webapps\/UKSESSIONF644406D8DF33BF67C461308BFCCEDAE\/whois2\/org\/1620538706800261\/?back_id=7\">All Contacts<\/a><\/div>\n<\/div>\n<\/div><\/div>\n\n\n\n<div class=\"wp-block-group\"><div class=\"wp-block-group__inner-container is-layout-constrained wp-block-group-is-layout-constrained\">\n<div class=\"wp-block-columns margin-top-48 margin-bottom-48 gap-144 is-layout-flex wp-container-core-columns-is-layout-9d6595d7 wp-block-columns-is-layout-flex\">\n<div class=\"wp-block-column is-layout-flow wp-block-column-is-layout-flow\" style=\"flex-basis:50%\">\n<figure class=\"wp-block-table\"><table><tbody><tr><td>Data box<\/td><td><strong>piyj9b4<\/strong><\/td><\/tr><tr><td>ID<\/td><td><strong>00216208<\/strong><\/td><\/tr><tr><td>VAT<\/td><td><strong>CZ00216208<\/strong><\/td><\/tr><\/tbody><\/table><\/figure>\n<\/div>\n\n\n\n<div class=\"wp-block-column is-layout-flow wp-block-column-is-layout-flow\" style=\"flex-basis:32rem\">\n<p class=\"margin-top-0\"><strong>Charles University<\/strong><br><strong>Faculty of Medicine in Pilsen<br><\/strong>alej Svobody 1655\/76<br>323 00 Pilsen<\/p>\n<\/div>\n<\/div>\n<\/div><\/div>\n\n\n\n<div class=\"wp-block-group\"><div class=\"wp-block-group__inner-container is-layout-constrained wp-block-group-is-layout-constrained\">\n<div style=\"height:23px\" aria-hidden=\"true\" class=\"wp-block-spacer\"><\/div>\n\n\n\n<h2 class=\"wp-block-heading\">Campus orientation<\/h2>\n\n\n\n<figure class=\"wp-block-image size-large is-resized\"><img decoding=\"async\" width=\"1400\" height=\"1169\" src=\"https:\/\/lfp.cuni.cz\/wp-content\/uploads\/2023\/10\/lfp-uk-orientacni-plan-1400x1169.jpg\" alt=\"L\u00e9ka\u0159sk\u00e1 fakulta Plze\u0148 \u2013 orienta\u010dn\u00ed pl\u00e1n\" class=\"wp-image-216\" style=\"aspect-ratio:1.1976047904191616;width:840px;height:auto\" srcset=\"https:\/\/lfp.cuni.cz\/wp-content\/uploads\/2023\/10\/lfp-uk-orientacni-plan-1400x1169.jpg 1400w, https:\/\/lfp.cuni.cz\/wp-content\/uploads\/2023\/10\/lfp-uk-orientacni-plan-900x752.jpg 900w, https:\/\/lfp.cuni.cz\/wp-content\/uploads\/2023\/10\/lfp-uk-orientacni-plan-1800x1503.jpg 1800w\" sizes=\"(max-width: 1400px) 100vw, 1400px\" \/><\/figure>\n\n\n\n<div class=\"wp-block-group info yellow margin-bottom-80\"><div class=\"wp-block-group__inner-container is-layout-constrained wp-block-group-is-layout-constrained\">\n<h3 class=\"wp-block-heading\">Parking information<\/h3>\n\n\n\n<p>Parking for visitors is located in the underground garage. To enter, you need to register the license plate number with your host in advance. Students can use the outdoor parking after payment of the <a href=\"https:\/\/lfp.cuni.cz\/en\/news\/from-1-october-a-maintenance-fee-for-parking-is-applied\/\" data-type=\"post\" data-id=\"13444\">maintenance fee<\/a>. <\/p>\n<\/div><\/div>\n\n\n\n<div class=\"wp-block-columns margin-top-0 margin-bottom-64 gap-64 is-layout-flex wp-container-core-columns-is-layout-9d6595d7 wp-block-columns-is-layout-flex\">\n<div class=\"wp-block-column is-layout-flow wp-block-column-is-layout-flow\" style=\"flex-basis:50%\">\n<h3 class=\"wp-block-heading\">Building U1<\/h3>\n\n\n\n<hr class=\"wp-block-separator has-alpha-channel-opacity is-style-dots\"\/>\n\n\n\n<h4 class=\"wp-block-heading dotted-border-top\">Floor -2 and -3<\/h4>\n\n\n\n<p>Parking staff<br>Parking visitors<\/p>\n\n\n\n<hr class=\"wp-block-separator has-alpha-channel-opacity is-style-dots\"\/>\n\n\n\n<h4 class=\"wp-block-heading dotted-border-top\">Patro -1<\/h4>\n\n\n\n<p class=\"dotted-border-bottom\">Department of anatomy &#8211; classrooms<br><a href=\"https:\/\/lfp.cuni.cz\/en\/library\/\" data-type=\"page\" data-id=\"4076\">Center of scientific information (library)<br><\/a>Maintenance depratment &#8211; services<br>Canteen<\/p>\n\n\n\n<hr class=\"wp-block-separator has-alpha-channel-opacity is-style-dots\"\/>\n\n\n\n<h4 class=\"wp-block-heading dotted-border-top\">Patro 1<\/h4>\n\n\n\n<p class=\"dotted-border-bottom\">Department of anatomy &#8211; classrooms<br><a href=\"https:\/\/histologie.lfp.cuni.cz\/en\/\" data-type=\"link\" data-id=\"https:\/\/histologie.lfp.cuni.cz\/en\/\" target=\"_blank\" rel=\"noreferrer noopener\">Department of histology and embryology<br><\/a>Cafeteria<br>Building 2 entrance<\/p>\n\n\n\n<hr class=\"wp-block-separator has-alpha-channel-opacity is-style-dots\"\/>\n\n\n\n<h4 class=\"wp-block-heading dotted-border-top\">Patro 2<\/h4>\n\n\n\n<p class=\"dotted-border-bottom\">Department of anatomy &#8211; management<br>Department of microbiology<br>Faculty management &#8211; Dean&#8217;s office<br>Students&#8217; affairs department (Czech)<br>Lecture halls<\/p>\n\n\n\n<hr class=\"wp-block-separator has-alpha-channel-opacity is-style-dots\"\/>\n\n\n\n<h4 class=\"wp-block-heading dotted-border-top\">Patro 3<\/h4>\n\n\n\n<p class=\"dotted-border-bottom\"><a href=\"https:\/\/lfp.cuni.cz\/en\/chemistry-biochemistry\/\" data-type=\"page\" data-id=\"5521\">Department of medical chemistry and biochemistry<br><\/a>Falucty management &#8211; Back office<br>Students&#8217; affairs department (English)<br><a href=\"https:\/\/lfp.cuni.cz\/en\/about-faculty\/card-service-center\/\" data-type=\"page\" data-id=\"3785\">Card service center<\/a><\/p>\n\n\n\n<hr class=\"wp-block-separator has-alpha-channel-opacity is-style-dots\"\/>\n\n\n\n<h4 class=\"wp-block-heading dotted-border-top\">Patro 4<\/h4>\n\n\n\n<p class=\"dotted-border-bottom\"><a href=\"https:\/\/hygiena.lfp.cuni.cz\/en\/\">Departmet of public health and preventive medicine<br><\/a>Department of social and assessment medicine<br><a href=\"https:\/\/usm.lfp.cuni.cz\/en\/\" data-type=\"link\" data-id=\"https:\/\/usm.lfp.cuni.cz\/en\/\">Department of sports medicine and active health sciences<\/a><\/p>\n\n\n\n<hr class=\"wp-block-separator has-alpha-channel-opacity is-style-dots\"\/>\n\n\n\n<h4 class=\"wp-block-heading dotted-border-top\">Patro 5<\/h4>\n\n\n\n<p class=\"dotted-border-bottom\"><a href=\"https:\/\/lfp.cuni.cz\/en\/department-of-languages\/\" data-type=\"page\" data-id=\"9764\" target=\"_blank\" rel=\"noreferrer noopener\">Department of languages<br><\/a>Center of information technologies<br>Maintenance department &#8211; management<br>Simulation center<\/p>\n\n\n\n<hr class=\"wp-block-separator has-alpha-channel-opacity is-style-dots\"\/>\n\n\n\n<h4 class=\"wp-block-heading dotted-border-top\">Patro 6<\/h4>\n\n\n\n<p class=\"dotted-border-bottom\">Simulation center<\/p>\n\n\n\n<hr class=\"wp-block-separator has-alpha-channel-opacity is-style-dots\"\/>\n\n\n\n<div style=\"height:2.4rem\" aria-hidden=\"true\" class=\"wp-block-spacer\"><\/div>\n\n\n\n<h3 class=\"wp-block-heading\"><a href=\"http:\/\/www.biomedic-plzen.cz\/en\">Biomedical Center<\/a><\/h3>\n\n\n\n<h3 class=\"wp-block-heading\"><a href=\"https:\/\/www.fnplzen.cz\/kliniky-a-oddeleni\">Workplaces in the Teaching hospital<\/a><\/h3>\n<\/div>\n\n\n\n<div class=\"wp-block-column is-layout-flow wp-block-column-is-layout-flow\" style=\"flex-basis:50%\">\n<h3 class=\"wp-block-heading\">Building U2<\/h3>\n\n\n\n<hr class=\"wp-block-separator has-alpha-channel-opacity is-style-dots\"\/>\n\n\n\n<h4 class=\"wp-block-heading dotted-border-top\">Floor 1<\/h4>\n\n\n\n<p><a href=\"https:\/\/lfp.cuni.cz\/en\/department-of-pharmacology-and-toxicology\/\" data-type=\"page\" data-id=\"5971\">Department of pharmacology and toxicology<br><\/a>Blue lecture hall<\/p>\n\n\n\n<hr class=\"wp-block-separator has-alpha-channel-opacity is-style-dots\"\/>\n\n\n\n<h4 class=\"wp-block-heading dotted-border-top\">Patro 2<\/h4>\n\n\n\n<p class=\"dotted-border-bottom\"><a href=\"https:\/\/lfp.cuni.cz\/en\/pathophysiology\/\" data-type=\"page\" data-id=\"6770\">Department of pathological physiology<\/a><\/p>\n\n\n\n<hr class=\"wp-block-separator has-alpha-channel-opacity is-style-dots\"\/>\n\n\n\n<h4 class=\"wp-block-heading dotted-border-top\">Patro 3<\/h4>\n\n\n\n<p class=\"dotted-border-bottom\">Department of physiology<\/p>\n\n\n\n<hr class=\"wp-block-separator has-alpha-channel-opacity is-style-dots\"\/>\n\n\n\n<h4 class=\"wp-block-heading dotted-border-top\">Patro 4<\/h4>\n\n\n\n<p class=\"dotted-border-bottom\"><a href=\"https:\/\/lfp.cuni.cz\/en\/biology\/\" data-type=\"page\" data-id=\"5869\">Department of biology<\/a><\/p>\n\n\n\n<hr class=\"wp-block-separator has-alpha-channel-opacity is-style-dots\"\/>\n\n\n\n<h4 class=\"wp-block-heading dotted-border-top\">Patro 5<\/h4>\n\n\n\n<p class=\"dotted-border-bottom\">Department of biophysics<\/p>\n\n\n\n<hr class=\"wp-block-separator has-alpha-channel-opacity is-style-dots\"\/>\n<\/div>\n<\/div>\n<\/div><\/div>\n\n\n\n<div class=\"wp-block-group top-border dark-blue department margin-top-104\"><div class=\"wp-block-group__inner-container is-layout-constrained wp-block-group-is-layout-constrained\">\n<h2 class=\"wp-block-heading margin-bottom-24\">Mailroom<\/h2>\n\n\n\n<div class=\"wp-block-columns margin-top-24 gap-144 is-layout-flex wp-container-core-columns-is-layout-9d6595d7 wp-block-columns-is-layout-flex\">\n<div class=\"wp-block-column is-layout-flow wp-block-column-is-layout-flow\" style=\"flex-basis:50%\">\n<h4 class=\"wp-block-heading margin-top-8\"><strong>alej Svobody 1655\/76<\/strong>; <strong>U1; 2nd Floor; 2.83<\/strong><\/h4>\n\n\n\n<h5 class=\"wp-block-heading margin-top-56 margin-bottom-16\">Office hours<\/h5>\n\n\n\n<figure class=\"wp-block-table\"><table class=\"has-fixed-layout\"><tbody><tr><td>Rrrands outside the mailroom<\/td><td><strong>7:00 &#8211; 9:00<\/strong><\/td><\/tr><tr><td>At the mailroom<\/td><td><strong>9:00 &#8211; 15:00<\/strong><\/td><\/tr><\/tbody><\/table><\/figure>\n<\/div>\n\n\n\n<div class=\"wp-block-column is-layout-flow wp-block-column-is-layout-flow\" style=\"flex-basis:37rem\">\n<figure class=\"wp-block-image size-people element right\"><img decoding=\"async\" width=\"440\" height=\"440\" src=\"https:\/\/lfp.cuni.cz\/wp-content\/uploads\/2024\/01\/shutterstock_2197526607-440x440.jpg\" alt=\"\" class=\"wp-image-2681\" srcset=\"https:\/\/lfp.cuni.cz\/wp-content\/uploads\/2024\/01\/shutterstock_2197526607-440x440.jpg 440w, https:\/\/lfp.cuni.cz\/wp-content\/uploads\/2024\/01\/shutterstock_2197526607-150x150.jpg 150w, https:\/\/lfp.cuni.cz\/wp-content\/uploads\/2024\/01\/shutterstock_2197526607-880x880.jpg 880w, https:\/\/lfp.cuni.cz\/wp-content\/uploads\/2024\/01\/shutterstock_2197526607-220x220.jpg 220w\" sizes=\"(max-width: 440px) 100vw, 440px\" \/><\/figure>\n<\/div>\n<\/div>\n<\/div><\/div>\n\n\n\n<div class=\"wp-block-group dashed-bg margin-top-104 margin-bottom-104\"><div class=\"wp-block-group__inner-container is-layout-constrained wp-block-group-is-layout-constrained\">\n<div class=\"wp-block-buttons is-content-justification-center is-layout-flex wp-container-core-buttons-is-layout-16018d1d wp-block-buttons-is-layout-flex\">\n<div class=\"wp-block-button\"><a class=\"wp-block-button__link wp-element-button\" href=\"https:\/\/lfp.cuni.cz\/en\/students\/study-department\/\">Study department<\/a><\/div>\n<\/div>\n\n\n\n<p class=\"has-text-align-center margin-top-8\">Your contact for study matters<\/p>\n<\/div><\/div>\n\n\n\n<div class=\"wp-block-group info yellow margin-bottom-80\"><div class=\"wp-block-group__inner-container is-layout-constrained wp-block-group-is-layout-constrained\">\n<p>Operations and rules of movement on the LFP UK campus are governed by the Operating Regulations, which can be found on the <a href=\"https:\/\/lfp.cuni.cz\/fakulta\/uredni-deska\/\" target=\"_blank\" rel=\"noreferrer noopener\">Official Bulletin Board<\/a>.<\/p>\n<\/div><\/div>\n\n\n\n<div style=\"height:40px\" aria-hidden=\"true\" class=\"wp-block-spacer\"><\/div>\n","protected":false},"excerpt":{"rendered":"<p>+420 377 593 110info@lfp.cuni.cz Data box piyj9b4 ID 00216208 VAT CZ00216208 Charles UniversityFaculty of Medicine in Pilsenalej Svobody 1655\/76323 00 Pilsen Campus orientation Parking information Parking for visitors is located&#8230;<\/p>\n","protected":false},"author":1,"featured_media":0,"parent":5661,"menu_order":110,"comment_status":"closed","ping_status":"closed","template":"","meta":{"_acf_changed":false,"inline_featured_image":false,"footnotes":""},"coauthors":[96],"class_list":["post-6516","page","type-page","status-publish","hentry"],"acf":[],"_links":{"self":[{"href":"https:\/\/lfp.cuni.cz\/en\/wp-json\/wp\/v2\/pages\/6516","targetHints":{"allow":["GET"]}}],"collection":[{"href":"https:\/\/lfp.cuni.cz\/en\/wp-json\/wp\/v2\/pages"}],"about":[{"href":"https:\/\/lfp.cuni.cz\/en\/wp-json\/wp\/v2\/types\/page"}],"author":[{"embeddable":true,"href":"https:\/\/lfp.cuni.cz\/en\/wp-json\/wp\/v2\/users\/1"}],"replies":[{"embeddable":true,"href":"https:\/\/lfp.cuni.cz\/en\/wp-json\/wp\/v2\/comments?post=6516"}],"version-history":[{"count":8,"href":"https:\/\/lfp.cuni.cz\/en\/wp-json\/wp\/v2\/pages\/6516\/revisions"}],"predecessor-version":[{"id":19516,"href":"https:\/\/lfp.cuni.cz\/en\/wp-json\/wp\/v2\/pages\/6516\/revisions\/19516"}],"up":[{"embeddable":true,"href":"https:\/\/lfp.cuni.cz\/en\/wp-json\/wp\/v2\/pages\/5661"}],"wp:attachment":[{"href":"https:\/\/lfp.cuni.cz\/en\/wp-json\/wp\/v2\/media?parent=6516"}],"wp:term":[{"taxonomy":"author","embeddable":true,"href":"https:\/\/lfp.cuni.cz\/en\/wp-json\/wp\/v2\/coauthors?post=6516"}],"curies":[{"name":"wp","href":"https:\/\/api.w.org\/{rel}","templated":true}]}}